{"id":9817,"date":"2023-01-31T17:07:55","date_gmt":"2023-01-31T17:07:55","guid":{"rendered":"https:\/\/thefirstelement.com\/politique-de-confidentialite\/"},"modified":"2023-08-18T11:32:05","modified_gmt":"2023-08-18T11:32:05","slug":"politique-de-confidentialite","status":"publish","type":"page","link":"https:\/\/thefirstelement.com\/fr\/politique-de-confidentialite\/","title":{"rendered":"Politique de confidentialit\u00e9"},"content":{"rendered":"[vc_row type=\u00a0\u00bbin_container\u00a0\u00bb full_screen_row_position=\u00a0\u00bbmiddle\u00a0\u00bb column_margin=\u00a0\u00bbdefault\u00a0\u00bb column_direction=\u00a0\u00bbdefault\u00a0\u00bb column_direction_tablet=\u00a0\u00bbdefault\u00a0\u00bb column_direction_phone=\u00a0\u00bbdefault\u00a0\u00bb scene_position=\u00a0\u00bbcenter\u00a0\u00bb bottom_padding=\u00a0\u00bb75&Prime; text_color=\u00a0\u00bbdark\u00a0\u00bb text_align=\u00a0\u00bbleft\u00a0\u00bb row_border_radius=\u00a0\u00bbnone\u00a0\u00bb row_border_radius_applies=\u00a0\u00bbbg\u00a0\u00bb overflow=\u00a0\u00bbvisible\u00a0\u00bb advanced_gradient_angle=\u00a0\u00bb0&Prime; overlay_strength=\u00a0\u00bb0.3&Prime; gradient_direction=\u00a0\u00bbleft_to_right\u00a0\u00bb shape_divider_position=\u00a0\u00bbbottom\u00a0\u00bb bg_image_animation=\u00a0\u00bbnone\u00a0\u00bb gradient_type=\u00a0\u00bbdefault\u00a0\u00bb shape_type=\u00a0\u00bb\u00a0\u00bb][vc_column column_padding=\u00a0\u00bbno-extra-padding\u00a0\u00bb column_padding_tablet=\u00a0\u00bbinherit\u00a0\u00bb column_padding_phone=\u00a0\u00bbinherit\u00a0\u00bb column_padding_position=\u00a0\u00bball\u00a0\u00bb column_element_spacing=\u00a0\u00bbdefault\u00a0\u00bb background_color_opacity=\u00a0\u00bb1&Prime; background_hover_color_opacity=\u00a0\u00bb1&Prime; column_shadow=\u00a0\u00bbnone\u00a0\u00bb column_border_radius=\u00a0\u00bbnone\u00a0\u00bb column_link_target=\u00a0\u00bb_self\u00a0\u00bb column_position=\u00a0\u00bbdefault\u00a0\u00bb gradient_direction=\u00a0\u00bbleft_to_right\u00a0\u00bb overlay_strength=\u00a0\u00bb0.3&Prime; width=\u00a0\u00bb1\/1&Prime; tablet_width_inherit=\u00a0\u00bbdefault\u00a0\u00bb tablet_text_alignment=\u00a0\u00bbdefault\u00a0\u00bb phone_text_alignment=\u00a0\u00bbdefault\u00a0\u00bb animation_type=\u00a0\u00bbdefault\u00a0\u00bb bg_image_animation=\u00a0\u00bbnone\u00a0\u00bb border_type=\u00a0\u00bbsimple\u00a0\u00bb column_border_width=\u00a0\u00bbnone\u00a0\u00bb column_border_style=\u00a0\u00bbsolid\u00a0\u00bb][split_line_heading animation_type=\u00a0\u00bbline-reveal-by-space\u00a0\u00bb font_style=\u00a0\u00bbh1&Prime; text_color=\u00a0\u00bb#286779&Prime; line_reveal_by_space_text_effect=\u00a0\u00bbdefault\u00a0\u00bb content_alignment=\u00a0\u00bbdefault\u00a0\u00bb mobile_content_alignment=\u00a0\u00bbinherit\u00a0\u00bb link_target=\u00a0\u00bb_self\u00a0\u00bb text_content=\u00a0\u00bbPolitique de confidentialit\u00e9\u00a0\u00bb][\/split_line_heading][\/vc_column][\/vc_row][vc_row type=\u00a0\u00bbin_container\u00a0\u00bb full_screen_row_position=\u00a0\u00bbmiddle\u00a0\u00bb column_margin=\u00a0\u00bbdefault\u00a0\u00bb column_direction=\u00a0\u00bbdefault\u00a0\u00bb column_direction_tablet=\u00a0\u00bbdefault\u00a0\u00bb column_direction_phone=\u00a0\u00bbdefault\u00a0\u00bb scene_position=\u00a0\u00bbcenter\u00a0\u00bb text_color=\u00a0\u00bbdark\u00a0\u00bb text_align=\u00a0\u00bbleft\u00a0\u00bb row_border_radius=\u00a0\u00bbnone\u00a0\u00bb row_border_radius_applies=\u00a0\u00bbbg\u00a0\u00bb overflow=\u00a0\u00bbvisible\u00a0\u00bb overlay_strength=\u00a0\u00bb0.3&Prime; gradient_direction=\u00a0\u00bbleft_to_right\u00a0\u00bb shape_divider_position=\u00a0\u00bbbottom\u00a0\u00bb bg_image_animation=\u00a0\u00bbnone\u00a0\u00bb][vc_column column_padding=\u00a0\u00bbno-extra-padding\u00a0\u00bb column_padding_tablet=\u00a0\u00bbinherit\u00a0\u00bb column_padding_phone=\u00a0\u00bbinherit\u00a0\u00bb column_padding_position=\u00a0\u00bball\u00a0\u00bb column_element_spacing=\u00a0\u00bbdefault\u00a0\u00bb background_color_opacity=\u00a0\u00bb1&Prime; background_hover_color_opacity=\u00a0\u00bb1&Prime; column_shadow=\u00a0\u00bbnone\u00a0\u00bb column_border_radius=\u00a0\u00bbnone\u00a0\u00bb column_link_target=\u00a0\u00bb_self\u00a0\u00bb column_position=\u00a0\u00bbdefault\u00a0\u00bb gradient_direction=\u00a0\u00bbleft_to_right\u00a0\u00bb overlay_strength=\u00a0\u00bb0.3&Prime; width=\u00a0\u00bb1\/1&Prime; tablet_width_inherit=\u00a0\u00bbdefault\u00a0\u00bb tablet_text_alignment=\u00a0\u00bbdefault\u00a0\u00bb phone_text_alignment=\u00a0\u00bbdefault\u00a0\u00bb animation_type=\u00a0\u00bbdefault\u00a0\u00bb bg_image_animation=\u00a0\u00bbnone\u00a0\u00bb border_type=\u00a0\u00bbsimple\u00a0\u00bb column_border_width=\u00a0\u00bbnone\u00a0\u00bb column_border_style=\u00a0\u00bbsolid\u00a0\u00bb][vc_column_text]\n\n<h2 class=\"wp-block-heading\"><span style=\"color: #286779;\">Nous attachons une grande importance \u00e0 la protection de votre vie priv\u00e9e<\/span><\/h2>\n<p>It is The First Elements\u2019s policy to respect your privacy regarding any information we may collect while operating our website. This Privacy Policy applies to <a href=\"http:\/\/www.thefirstelement.com\">www.thefirstelement.com<\/a> (hereinafter, \u201cus\u201d, \u201cwe\u201d). We respect your privacy and are committed to protecting personally identifiable information you may provide us through the Website. We have adopted this privacy policy (\u201cPrivacy Policy\u201d) to explain what information may be collected on our Website, how we use this information, and under what circumstances we may disclose the information to third parties. This Privacy Policy applies only to information we collect through the Website and does not apply to our collection of information from other sources.<\/p>\n<p>This Privacy Policy, together with the Terms and conditions posted on our Website, set forth the general rules and policies governing your use of our Website. Depending on your activities when visiting our Website, you may be required to agree to additional terms and conditions.<\/p>\n\n<h2 class=\"wp-block-heading\"><span style=\"color: #286779;\">Visiteurs du site web<\/span><\/h2>\n<p>Like most website operators, The First Element collects non-personally identifying information of the sort that web browsers and servers typically make available, such as the browser type, language preference, referring site, and the date and time of each visitor request. The First Elements\u2019s purpose in collecting non-personally identifying information is to better understand how The First Element\u2019s visitors use its website. From time to time, The First Element may release non-personally identifying information in the aggregate, e.g., by publishing a report on trends in the usage of its website.<\/p>\n<p>The First Element also collects potentially personally identifying information like Internet Protocol (IP) addresses for logged-in users and for users leaving comments on news posts. The First Element only discloses logged-in user and commenter IP addresses under the same circumstances that it uses and discloses personally-identifying information as described below.<\/p>\n\n<h2 class=\"wp-block-heading\"><span style=\"color: #286779;\">Collecte d&rsquo;informations d&rsquo;identification personnelle  <\/span><\/h2>\n<p><\/p><p>Les sites web du Premier \u00c9l\u00e9ment choisissent d&rsquo;interagir avec le Premier \u00c9l\u00e9ment d&rsquo;une mani\u00e8re qui oblige le Premier \u00c9l\u00e9ment \u00e0 recueillir des informations d&rsquo;identification personnelle. La quantit\u00e9 et le type d&rsquo;informations que The First Element recueille d\u00e9pendent de la nature de l&rsquo;interaction.<\/p>\n<p><!-- \/wp:post-content --><br \/>\n<!-- wp:heading --><\/p>\n<h2><span style=\"color: #286779;\">S\u00e9curit\u00e9<\/span><\/h2>\n<p>La s\u00e9curit\u00e9 de vos informations personnelles est importante pour nous, mais n&rsquo;oubliez pas qu&rsquo;aucune m\u00e9thode de transmission sur Internet ou de stockage \u00e9lectronique n&rsquo;est s\u00fbre \u00e0 100 %. Bien que nous nous efforcions d&rsquo;utiliser des moyens commercialement acceptables pour prot\u00e9ger vos informations personnelles, nous ne pouvons pas garantir leur s\u00e9curit\u00e9 absolue.<\/p>\n<p><!-- \/wp:heading --><br \/>\n<!-- wp:heading --><\/p>\n<h2><span style=\"color: #286779;\">Liens vers des sites externes<\/span><\/h2>\n<p>Notre service peut contenir des liens vers des sites externes qui ne sont pas exploit\u00e9s par nous. Si vous cliquez sur le lien d&rsquo;un tiers, vous serez dirig\u00e9 vers le site de ce tiers. Nous vous conseillons vivement de consulter la politique de confidentialit\u00e9 et les conditions g\u00e9n\u00e9rales de chaque site que vous visitez.<\/p>\n<p>Nous n&rsquo;avons aucun contr\u00f4le sur le contenu, les politiques de confidentialit\u00e9 ou les pratiques des sites, produits ou services de tiers, et nous n&rsquo;assumons aucune responsabilit\u00e9 \u00e0 cet \u00e9gard.<\/p>\n<p><!-- \/wp:heading --><br \/>\n<!-- wp:heading --><\/p>\n<h2><span style=\"color: #286779;\">Statistiques agr\u00e9g\u00e9es<\/span><\/h2>\n<p>Le Premier \u00c9l\u00e9ment peut recueillir des statistiques sur le comportement des visiteurs de son site web. Le Premier \u00c9l\u00e9ment peut afficher ces informations publiquement ou les fournir \u00e0 d&rsquo;autres. Toutefois, Le Premier \u00c9l\u00e9ment ne divulgue pas vos informations d&rsquo;identification personnelle.<\/p>\n<p><!-- \/wp:heading --><br \/>\n<!-- wp:heading --><\/p>\n<h2><span style=\"color: #286779;\">Cookies<\/span><\/h2>\n<p>Pour enrichir et perfectionner votre exp\u00e9rience en ligne, The First Element utilise des \u00ab\u00a0cookies\u00a0\u00bb, des technologies similaires et des services fournis par d&rsquo;autres pour afficher un contenu personnalis\u00e9, une publicit\u00e9 appropri\u00e9e et enregistrer vos pr\u00e9f\u00e9rences sur votre ordinateur.<\/p>\n<p>Un cookie est une cha\u00eene d&rsquo;informations qu&rsquo;un site web stocke sur l&rsquo;ordinateur d&rsquo;un visiteur et que le navigateur du visiteur fournit au site web \u00e0 chaque fois que le visiteur revient. Le Premier \u00c9l\u00e9ment utilise des cookies pour aider Le Premier \u00c9l\u00e9ment \u00e0 identifier et \u00e0 suivre les visiteurs, leur utilisation de https:\/\/thefirstelement.com et leurs pr\u00e9f\u00e9rences d&rsquo;acc\u00e8s au site web. Les visiteurs du Premier \u00c9l\u00e9ment qui ne souhaitent pas que des cookies soient plac\u00e9s sur leur ordinateur doivent configurer leur navigateur de mani\u00e8re \u00e0 refuser les cookies avant d&rsquo;utiliser les sites web du Premier \u00c9l\u00e9ment, avec l&rsquo;inconv\u00e9nient que certaines fonctionnalit\u00e9s des sites web du Premier \u00c9l\u00e9ment peuvent ne pas fonctionner correctement sans l&rsquo;aide des cookies.<\/p>\n<p>En continuant \u00e0 naviguer sur notre site web sans modifier vos param\u00e8tres de cookies, vous reconnaissez et acceptez par la pr\u00e9sente l&rsquo;utilisation de cookies par Le Premier \u00c9l\u00e9ment.<\/p>\n<p><!-- \/wp:heading --><br \/>\n<!-- wp:heading --><\/p>\n<h2><span style=\"color: #286779;\">Modifications de la politique de confidentialit\u00e9<\/span><\/h2>\n<p>Bien que la plupart des changements soient mineurs, Le Premier \u00c9l\u00e9ment peut modifier sa politique de confidentialit\u00e9 de temps \u00e0 autre et \u00e0 sa seule discr\u00e9tion. Le Premier \u00c9l\u00e9ment encourage les visiteurs \u00e0 consulter fr\u00e9quemment cette page pour prendre connaissance des \u00e9ventuelles modifications apport\u00e9es \u00e0 sa politique de confidentialit\u00e9. En continuant \u00e0 utiliser ce site apr\u00e8s toute modification de la pr\u00e9sente politique de protection de la vie priv\u00e9e, vous acceptez cette modification.<\/p>\n<p id=\"matomo_opted_out_intro\" style=\"display:none;\">Opt-out complete; your visits to this website will not be recorded by the Web Analytics tool. Note that if you clear your cookies, delete the opt-out cookie, or if you change computers or Web browsers, you will need to perform the opt-out procedure again.<\/p><p id=\"matomo_opted_in_intro\" >You may choose to prevent this website from aggregating and analyzing the actions you take here. Doing so will protect your privacy, but will also prevent the owner from learning from your actions and creating a better experience for you and other users.<\/p><form>\n        <input type=\"checkbox\" id=\"matomo_optout_checkbox\" checked=\"checked\"\/>\n        <label for=\"matomo_optout_checkbox\"><strong>\n        <span id=\"matomo_opted_in_label\" >You are not opted out. Uncheck this box to opt-out.<\/span>\n\t\t<span id=\"matomo_opted_out_label\" style=\"display:none;\">You are currently opted out. Check this box to opt-in.<\/span>\n        <\/strong><\/label><\/form><noscript><p><strong style=\"color: #ff0000;\">This opt out feature requires JavaScript.<\/strong><\/p><\/noscript><p id=\"matomo_outout_err_cookies\" style=\"display: none;\"><strong>The tracking opt-out feature requires cookies to be enabled.<\/strong><\/p><!-- \/wp:heading --><\/p>\n<p><!-- wp:heading --><\/p>\n<p>&nbsp;<\/p>\n[\/vc_column_text][\/vc_column][vc_column column_padding=\u00a0\u00bbno-extra-padding\u00a0\u00bb column_padding_tablet=\u00a0\u00bbinherit\u00a0\u00bb column_padding_phone=\u00a0\u00bbinherit\u00a0\u00bb column_padding_position=\u00a0\u00bball\u00a0\u00bb column_element_spacing=\u00a0\u00bbdefault\u00a0\u00bb background_color_opacity=\u00a0\u00bb1&Prime; background_hover_color_opacity=\u00a0\u00bb1&Prime; column_shadow=\u00a0\u00bbnone\u00a0\u00bb column_border_radius=\u00a0\u00bbnone\u00a0\u00bb column_link_target=\u00a0\u00bb_self\u00a0\u00bb column_position=\u00a0\u00bbdefault\u00a0\u00bb gradient_direction=\u00a0\u00bbleft_to_right\u00a0\u00bb overlay_strength=\u00a0\u00bb0.3&Prime; width=\u00a0\u00bb1\/1&Prime; tablet_width_inherit=\u00a0\u00bbdefault\u00a0\u00bb tablet_text_alignment=\u00a0\u00bbdefault\u00a0\u00bb phone_text_alignment=\u00a0\u00bbdefault\u00a0\u00bb animation_type=\u00a0\u00bbdefault\u00a0\u00bb bg_image_animation=\u00a0\u00bbnone\u00a0\u00bb border_type=\u00a0\u00bbsimple\u00a0\u00bb column_border_width=\u00a0\u00bbnone\u00a0\u00bb column_border_style=\u00a0\u00bbsolid\u00a0\u00bb][\/vc_column][\/vc_row]\n","protected":false},"excerpt":{"rendered":"<p>[vc_row type=\u00a0\u00bbin_container\u00a0\u00bb full_screen_row_position=\u00a0\u00bbmiddle\u00a0\u00bb column_margin=\u00a0\u00bbdefault\u00a0\u00bb column_direction=\u00a0\u00bbdefault\u00a0\u00bb column_direction_tablet=\u00a0\u00bbdefault\u00a0\u00bb column_direction_phone=\u00a0\u00bbdefault\u00a0\u00bb scene_position=\u00a0\u00bbcenter\u00a0\u00bb bottom_padding=\u00a0\u00bb75&Prime; text_color=\u00a0\u00bbdark\u00a0\u00bb text_align=\u00a0\u00bbleft\u00a0\u00bb row_border_radius=\u00a0\u00bbnone\u00a0\u00bb row_border_radius_applies=\u00a0\u00bbbg\u00a0\u00bb overflow=\u00a0\u00bbvisible\u00a0\u00bb advanced_gradient_angle=\u00a0\u00bb0&Prime; overlay_strength=\u00a0\u00bb0.3&Prime; gradient_direction=\u00a0\u00bbleft_to_right\u00a0\u00bb shape_divider_position=\u00a0\u00bbbottom\u00a0\u00bb bg_image_animation=\u00a0\u00bbnone\u00a0\u00bb gradient_type=\u00a0\u00bbdefault\u00a0\u00bb shape_type=\u00a0\u00bb\u00a0\u00bb][vc_column column_padding=\u00a0\u00bbno-extra-padding\u00a0\u00bb column_padding_tablet=\u00a0\u00bbinherit\u00a0\u00bb column_padding_phone=\u00a0\u00bbinherit\u00a0\u00bb column_padding_position=\u00a0\u00bball\u00a0\u00bb&#8230;<\/p>\n","protected":false},"author":1,"featured_media":0,"parent":0,"menu_order":0,"comment_status":"closed","ping_status":"closed","template":"","meta":{"content-type":"","footnotes":""},"class_list":["post-9817","page","type-page","status-publish"],"yoast_head":"<!-- This site is optimized with the Yoast SEO plugin v27.5 - https:\/\/yoast.com\/product\/yoast-seo-wordpress\/ -->\n<title>The First Element - Politique de confidentialit\u00e9%.<\/title>\n<meta name=\"description\" content=\"Cette politique de respect de la vie priv\u00e9e d\u00e9finit la mani\u00e8re dont le Premier \u00c9l\u00e9ment utilise et prot\u00e8ge les informations que vous lui communiquez lorsque vous utilisez ce site web.\" \/>\n<meta name=\"robots\" content=\"index, follow, max-snippet:-1, max-image-preview:large, max-video-preview:-1\" \/>\n<link rel=\"canonical\" href=\"https:\/\/thefirstelement.com\/fr\/politique-de-confidentialite\/\" \/>\n<meta property=\"og:locale\" content=\"fr_FR\" \/>\n<meta property=\"og:type\" content=\"article\" \/>\n<meta property=\"og:title\" content=\"The First Element - Politique de confidentialit\u00e9%.\" \/>\n<meta property=\"og:description\" content=\"Cette politique de respect de la vie priv\u00e9e d\u00e9finit la mani\u00e8re dont le Premier \u00c9l\u00e9ment utilise et prot\u00e8ge les informations que vous lui communiquez lorsque vous utilisez ce site web.\" \/>\n<meta property=\"og:url\" content=\"https:\/\/thefirstelement.com\/fr\/politique-de-confidentialite\/\" \/>\n<meta property=\"og:site_name\" content=\"The First Element\" \/>\n<meta property=\"article:modified_time\" content=\"2023-08-18T11:32:05+00:00\" \/>\n<meta name=\"twitter:card\" content=\"summary_large_image\" \/>\n<meta name=\"twitter:label1\" content=\"Dur\u00e9e de lecture estim\u00e9e\" \/>\n\t<meta name=\"twitter:data1\" content=\"6 minutes\" \/>\n<script type=\"application\/ld+json\" class=\"yoast-schema-graph\">{\"@context\":\"https:\\\/\\\/schema.org\",\"@graph\":[{\"@type\":\"WebPage\",\"@id\":\"https:\\\/\\\/thefirstelement.com\\\/fr\\\/politique-de-confidentialite\\\/\",\"url\":\"https:\\\/\\\/thefirstelement.com\\\/fr\\\/politique-de-confidentialite\\\/\",\"name\":\"The First Element - Politique de confidentialit\u00e9%.\",\"isPartOf\":{\"@id\":\"https:\\\/\\\/thefirstelement.com\\\/fr\\\/#website\"},\"datePublished\":\"2023-01-31T17:07:55+00:00\",\"dateModified\":\"2023-08-18T11:32:05+00:00\",\"description\":\"Cette politique de respect de la vie priv\u00e9e d\u00e9finit la mani\u00e8re dont le Premier \u00c9l\u00e9ment utilise et prot\u00e8ge les informations que vous lui communiquez lorsque vous utilisez ce site web.\",\"breadcrumb\":{\"@id\":\"https:\\\/\\\/thefirstelement.com\\\/fr\\\/politique-de-confidentialite\\\/#breadcrumb\"},\"inLanguage\":\"fr-FR\",\"potentialAction\":[{\"@type\":\"ReadAction\",\"target\":[\"https:\\\/\\\/thefirstelement.com\\\/fr\\\/politique-de-confidentialite\\\/\"]}]},{\"@type\":\"BreadcrumbList\",\"@id\":\"https:\\\/\\\/thefirstelement.com\\\/fr\\\/politique-de-confidentialite\\\/#breadcrumb\",\"itemListElement\":[{\"@type\":\"ListItem\",\"position\":1,\"name\":\"Home\",\"item\":\"https:\\\/\\\/thefirstelement.com\\\/fr\\\/accueil\\\/\"},{\"@type\":\"ListItem\",\"position\":2,\"name\":\"Politique de confidentialit\u00e9\"}]},{\"@type\":\"WebSite\",\"@id\":\"https:\\\/\\\/thefirstelement.com\\\/fr\\\/#website\",\"url\":\"https:\\\/\\\/thefirstelement.com\\\/fr\\\/\",\"name\":\"The First Element\",\"description\":\"The First Element is revolutionising the way Green Hydrogen is created, consumed and stored\",\"publisher\":{\"@id\":\"https:\\\/\\\/thefirstelement.com\\\/fr\\\/#organization\"},\"potentialAction\":[{\"@type\":\"SearchAction\",\"target\":{\"@type\":\"EntryPoint\",\"urlTemplate\":\"https:\\\/\\\/thefirstelement.com\\\/fr\\\/?s={search_term_string}\"},\"query-input\":{\"@type\":\"PropertyValueSpecification\",\"valueRequired\":true,\"valueName\":\"search_term_string\"}}],\"inLanguage\":\"fr-FR\"},{\"@type\":\"Organization\",\"@id\":\"https:\\\/\\\/thefirstelement.com\\\/fr\\\/#organization\",\"name\":\"The First Element\",\"url\":\"https:\\\/\\\/thefirstelement.com\\\/fr\\\/\",\"logo\":{\"@type\":\"ImageObject\",\"inLanguage\":\"fr-FR\",\"@id\":\"https:\\\/\\\/thefirstelement.com\\\/fr\\\/#\\\/schema\\\/logo\\\/image\\\/\",\"url\":\"https:\\\/\\\/thefirstelement.com\\\/wp-content\\\/uploads\\\/2023\\\/04\\\/the-first-element-logo-blue.png\",\"contentUrl\":\"https:\\\/\\\/thefirstelement.com\\\/wp-content\\\/uploads\\\/2023\\\/04\\\/the-first-element-logo-blue.png\",\"width\":1400,\"height\":800,\"caption\":\"The First Element\"},\"image\":{\"@id\":\"https:\\\/\\\/thefirstelement.com\\\/fr\\\/#\\\/schema\\\/logo\\\/image\\\/\"},\"sameAs\":[\"https:\\\/\\\/www.linkedin.com\\\/company\\\/the-first-element\\\/\"]}]}<\/script>\n<!-- \/ Yoast SEO plugin. -->","yoast_head_json":{"title":"The First Element - Politique de confidentialit\u00e9%.","description":"Cette politique de respect de la vie priv\u00e9e d\u00e9finit la mani\u00e8re dont le Premier \u00c9l\u00e9ment utilise et prot\u00e8ge les informations que vous lui communiquez lorsque vous utilisez ce site web.","robots":{"index":"index","follow":"follow","max-snippet":"max-snippet:-1","max-image-preview":"max-image-preview:large","max-video-preview":"max-video-preview:-1"},"canonical":"https:\/\/thefirstelement.com\/fr\/politique-de-confidentialite\/","og_locale":"fr_FR","og_type":"article","og_title":"The First Element - Politique de confidentialit\u00e9%.","og_description":"Cette politique de respect de la vie priv\u00e9e d\u00e9finit la mani\u00e8re dont le Premier \u00c9l\u00e9ment utilise et prot\u00e8ge les informations que vous lui communiquez lorsque vous utilisez ce site web.","og_url":"https:\/\/thefirstelement.com\/fr\/politique-de-confidentialite\/","og_site_name":"The First Element","article_modified_time":"2023-08-18T11:32:05+00:00","twitter_card":"summary_large_image","twitter_misc":{"Dur\u00e9e de lecture estim\u00e9e":"6 minutes"},"schema":{"@context":"https:\/\/schema.org","@graph":[{"@type":"WebPage","@id":"https:\/\/thefirstelement.com\/fr\/politique-de-confidentialite\/","url":"https:\/\/thefirstelement.com\/fr\/politique-de-confidentialite\/","name":"The First Element - Politique de confidentialit\u00e9%.","isPartOf":{"@id":"https:\/\/thefirstelement.com\/fr\/#website"},"datePublished":"2023-01-31T17:07:55+00:00","dateModified":"2023-08-18T11:32:05+00:00","description":"Cette politique de respect de la vie priv\u00e9e d\u00e9finit la mani\u00e8re dont le Premier \u00c9l\u00e9ment utilise et prot\u00e8ge les informations que vous lui communiquez lorsque vous utilisez ce site web.","breadcrumb":{"@id":"https:\/\/thefirstelement.com\/fr\/politique-de-confidentialite\/#breadcrumb"},"inLanguage":"fr-FR","potentialAction":[{"@type":"ReadAction","target":["https:\/\/thefirstelement.com\/fr\/politique-de-confidentialite\/"]}]},{"@type":"BreadcrumbList","@id":"https:\/\/thefirstelement.com\/fr\/politique-de-confidentialite\/#breadcrumb","itemListElement":[{"@type":"ListItem","position":1,"name":"Home","item":"https:\/\/thefirstelement.com\/fr\/accueil\/"},{"@type":"ListItem","position":2,"name":"Politique de confidentialit\u00e9"}]},{"@type":"WebSite","@id":"https:\/\/thefirstelement.com\/fr\/#website","url":"https:\/\/thefirstelement.com\/fr\/","name":"The First Element","description":"The First Element is revolutionising the way Green Hydrogen is created, consumed and stored","publisher":{"@id":"https:\/\/thefirstelement.com\/fr\/#organization"},"potentialAction":[{"@type":"SearchAction","target":{"@type":"EntryPoint","urlTemplate":"https:\/\/thefirstelement.com\/fr\/?s={search_term_string}"},"query-input":{"@type":"PropertyValueSpecification","valueRequired":true,"valueName":"search_term_string"}}],"inLanguage":"fr-FR"},{"@type":"Organization","@id":"https:\/\/thefirstelement.com\/fr\/#organization","name":"The First Element","url":"https:\/\/thefirstelement.com\/fr\/","logo":{"@type":"ImageObject","inLanguage":"fr-FR","@id":"https:\/\/thefirstelement.com\/fr\/#\/schema\/logo\/image\/","url":"https:\/\/thefirstelement.com\/wp-content\/uploads\/2023\/04\/the-first-element-logo-blue.png","contentUrl":"https:\/\/thefirstelement.com\/wp-content\/uploads\/2023\/04\/the-first-element-logo-blue.png","width":1400,"height":800,"caption":"The First Element"},"image":{"@id":"https:\/\/thefirstelement.com\/fr\/#\/schema\/logo\/image\/"},"sameAs":["https:\/\/www.linkedin.com\/company\/the-first-element\/"]}]}},"_links":{"self":[{"href":"https:\/\/thefirstelement.com\/fr\/wp-json\/wp\/v2\/pages\/9817","targetHints":{"allow":["GET"]}}],"collection":[{"href":"https:\/\/thefirstelement.com\/fr\/wp-json\/wp\/v2\/pages"}],"about":[{"href":"https:\/\/thefirstelement.com\/fr\/wp-json\/wp\/v2\/types\/page"}],"author":[{"embeddable":true,"href":"https:\/\/thefirstelement.com\/fr\/wp-json\/wp\/v2\/users\/1"}],"replies":[{"embeddable":true,"href":"https:\/\/thefirstelement.com\/fr\/wp-json\/wp\/v2\/comments?post=9817"}],"version-history":[{"count":1,"href":"https:\/\/thefirstelement.com\/fr\/wp-json\/wp\/v2\/pages\/9817\/revisions"}],"predecessor-version":[{"id":9822,"href":"https:\/\/thefirstelement.com\/fr\/wp-json\/wp\/v2\/pages\/9817\/revisions\/9822"}],"wp:attachment":[{"href":"https:\/\/thefirstelement.com\/fr\/wp-json\/wp\/v2\/media?parent=9817"}],"curies":[{"name":"wp","href":"https:\/\/api.w.org\/{rel}","templated":true}]}}