{"id":10110,"date":"2023-03-31T09:57:32","date_gmt":"2023-03-31T09:57:32","guid":{"rendered":"https:\/\/thefirstelement.com\/conditions-generales-dutilisation\/"},"modified":"2023-08-18T11:41:35","modified_gmt":"2023-08-18T11:41:35","slug":"conditions-generales-dutilisation","status":"publish","type":"page","link":"https:\/\/thefirstelement.com\/fr\/conditions-generales-dutilisation\/","title":{"rendered":"Conditions g\u00e9n\u00e9rales d&rsquo;utilisation"},"content":{"rendered":"[vc_row type=\u00a0\u00bbin_container\u00a0\u00bb full_screen_row_position=\u00a0\u00bbmiddle\u00a0\u00bb column_margin=\u00a0\u00bbdefault\u00a0\u00bb column_direction=\u00a0\u00bbdefault\u00a0\u00bb column_direction_tablet=\u00a0\u00bbdefault\u00a0\u00bb column_direction_phone=\u00a0\u00bbdefault\u00a0\u00bb scene_position=\u00a0\u00bbcenter\u00a0\u00bb text_color=\u00a0\u00bbdark\u00a0\u00bb text_align=\u00a0\u00bbleft\u00a0\u00bb row_border_radius=\u00a0\u00bbnone\u00a0\u00bb row_border_radius_applies=\u00a0\u00bbbg\u00a0\u00bb overflow=\u00a0\u00bbvisible\u00a0\u00bb overlay_strength=\u00a0\u00bb0.3&Prime; gradient_direction=\u00a0\u00bbleft_to_right\u00a0\u00bb shape_divider_position=\u00a0\u00bbbottom\u00a0\u00bb bg_image_animation=\u00a0\u00bbnone\u00a0\u00bb][vc_column column_padding=\u00a0\u00bbno-extra-padding\u00a0\u00bb column_padding_tablet=\u00a0\u00bbinherit\u00a0\u00bb column_padding_phone=\u00a0\u00bbinherit\u00a0\u00bb column_padding_position=\u00a0\u00bball\u00a0\u00bb column_element_spacing=\u00a0\u00bbdefault\u00a0\u00bb background_color_opacity=\u00a0\u00bb1&Prime; background_hover_color_opacity=\u00a0\u00bb1&Prime; column_shadow=\u00a0\u00bbnone\u00a0\u00bb column_border_radius=\u00a0\u00bbnone\u00a0\u00bb column_link_target=\u00a0\u00bb_self\u00a0\u00bb column_position=\u00a0\u00bbdefault\u00a0\u00bb gradient_direction=\u00a0\u00bbleft_to_right\u00a0\u00bb overlay_strength=\u00a0\u00bb0.3&Prime; width=\u00a0\u00bb1\/1&Prime; tablet_width_inherit=\u00a0\u00bbdefault\u00a0\u00bb tablet_text_alignment=\u00a0\u00bbdefault\u00a0\u00bb phone_text_alignment=\u00a0\u00bbdefault\u00a0\u00bb animation_type=\u00a0\u00bbdefault\u00a0\u00bb bg_image_animation=\u00a0\u00bbnone\u00a0\u00bb border_type=\u00a0\u00bbsimple\u00a0\u00bb column_border_width=\u00a0\u00bbnone\u00a0\u00bb column_border_style=\u00a0\u00bbsolid\u00a0\u00bb][split_line_heading animation_type=\u00a0\u00bbline-reveal-by-space\u00a0\u00bb font_style=\u00a0\u00bbh1&Prime; text_color=\u00a0\u00bb#286779&Prime; line_reveal_by_space_text_effect=\u00a0\u00bbdefault\u00a0\u00bb content_alignment=\u00a0\u00bbdefault\u00a0\u00bb mobile_content_alignment=\u00a0\u00bbinherit\u00a0\u00bb link_target=\u00a0\u00bb_self\u00a0\u00bb text_content=\u00a0\u00bbConditions g\u00e9n\u00e9rales d&apos;utilisation\u00a0\u00bb][\/split_line_heading][\/vc_column][\/vc_row][vc_row type=\u00a0\u00bbin_container\u00a0\u00bb full_screen_row_position=\u00a0\u00bbmiddle\u00a0\u00bb column_margin=\u00a0\u00bbdefault\u00a0\u00bb column_direction=\u00a0\u00bbdefault\u00a0\u00bb column_direction_tablet=\u00a0\u00bbdefault\u00a0\u00bb column_direction_phone=\u00a0\u00bbdefault\u00a0\u00bb scene_position=\u00a0\u00bbcenter\u00a0\u00bb text_color=\u00a0\u00bbdark\u00a0\u00bb text_align=\u00a0\u00bbleft\u00a0\u00bb row_border_radius=\u00a0\u00bbnone\u00a0\u00bb row_border_radius_applies=\u00a0\u00bbbg\u00a0\u00bb overflow=\u00a0\u00bbvisible\u00a0\u00bb overlay_strength=\u00a0\u00bb0.3&Prime; gradient_direction=\u00a0\u00bbleft_to_right\u00a0\u00bb shape_divider_position=\u00a0\u00bbbottom\u00a0\u00bb bg_image_animation=\u00a0\u00bbnone\u00a0\u00bb][vc_column column_padding=\u00a0\u00bbno-extra-padding\u00a0\u00bb column_padding_tablet=\u00a0\u00bbinherit\u00a0\u00bb column_padding_phone=\u00a0\u00bbinherit\u00a0\u00bb column_padding_position=\u00a0\u00bball\u00a0\u00bb column_element_spacing=\u00a0\u00bbdefault\u00a0\u00bb background_color_opacity=\u00a0\u00bb1&Prime; background_hover_color_opacity=\u00a0\u00bb1&Prime; column_shadow=\u00a0\u00bbnone\u00a0\u00bb column_border_radius=\u00a0\u00bbnone\u00a0\u00bb column_link_target=\u00a0\u00bb_self\u00a0\u00bb column_position=\u00a0\u00bbdefault\u00a0\u00bb gradient_direction=\u00a0\u00bbleft_to_right\u00a0\u00bb overlay_strength=\u00a0\u00bb0.3&Prime; width=\u00a0\u00bb1\/1&Prime; tablet_width_inherit=\u00a0\u00bbdefault\u00a0\u00bb tablet_text_alignment=\u00a0\u00bbdefault\u00a0\u00bb phone_text_alignment=\u00a0\u00bbdefault\u00a0\u00bb animation_type=\u00a0\u00bbdefault\u00a0\u00bb bg_image_animation=\u00a0\u00bbnone\u00a0\u00bb border_type=\u00a0\u00bbsimple\u00a0\u00bb column_border_width=\u00a0\u00bbnone\u00a0\u00bb column_border_style=\u00a0\u00bbsolid\u00a0\u00bb][vc_column_text]\n<h2><span style=\"color: #286779;\">Derni\u00e8re mise \u00e0 jour : 15.06.2023<\/span><\/h2>\n<p>Veuillez lire attentivement les pr\u00e9sentes conditions de service (\u00ab\u00a0conditions\u00a0\u00bb, \u00ab\u00a0conditions de service\u00a0\u00bb) avant d&rsquo;utiliser le site web https:\/\/thefirstelement.com (le \u00ab\u00a0service\u00a0\u00bb) exploit\u00e9 par Le Premier \u00c9l\u00e9ment (\u00ab\u00a0nous\u00a0\u00bb, \u00ab\u00a0nous\u00a0\u00bb ou \u00ab\u00a0notre\u00a0\u00bb).<\/p>\n<p>L&rsquo;acc\u00e8s au service et son utilisation sont subordonn\u00e9s \u00e0 l&rsquo;acceptation et au respect des pr\u00e9sentes conditions. Les pr\u00e9sentes conditions s&rsquo;appliquent \u00e0 tous les visiteurs, utilisateurs et autres personnes qui acc\u00e8dent au service ou l&rsquo;utilisent.<\/p>\n<p>En acc\u00e9dant au service ou en l&rsquo;utilisant, vous acceptez d&rsquo;\u00eatre li\u00e9 par les pr\u00e9sentes conditions. Si vous n&rsquo;\u00eates pas d&rsquo;accord avec une partie des conditions, vous ne pouvez pas acc\u00e9der au service.<\/p>\n<h2><span style=\"color: #286779;\">Droits d&rsquo;auteur et propri\u00e9t\u00e9 intellectuelle<\/span><\/h2>\n<p>Sauf indication contraire, le contenu de ce site, y compris, mais sans s&rsquo;y limiter, les textes et les images qu&rsquo;il contient et leur disposition, est la propri\u00e9t\u00e9 du Premier \u00c9l\u00e9ment ou de ses clients. Toutes les marques commerciales utilis\u00e9es ou mentionn\u00e9es sur ce site Internet sont la propri\u00e9t\u00e9 de leurs d\u00e9tenteurs respectifs.<\/p>\n<p>Rien dans ce site ne doit \u00eatre interpr\u00e9t\u00e9 comme conf\u00e9rant implicitement, par pr\u00e9clusion ou autrement, une licence ou un droit sur un droit d&rsquo;auteur, un brevet, une marque ou tout autre int\u00e9r\u00eat de propri\u00e9t\u00e9 du Premier \u00c9l\u00e9ment ou d&rsquo;une tierce partie. Ce site et son contenu, y compris, mais sans s&rsquo;y limiter, les images graphiques, l&rsquo;audio, la vid\u00e9o, le code html, les boutons et le texte, ne peuvent \u00eatre copi\u00e9s, reproduits, republi\u00e9s, t\u00e9l\u00e9charg\u00e9s, affich\u00e9s, transmis ou distribu\u00e9s de quelque mani\u00e8re que ce soit, sans l&rsquo;accord \u00e9crit pr\u00e9alable du Premier \u00c9l\u00e9ment, \u00e0 l&rsquo;exception du t\u00e9l\u00e9chargement, de l&rsquo;affichage et de l&rsquo;impression d&rsquo;une copie du mat\u00e9riel sur un seul ordinateur, uniquement pour votre usage personnel et non commercial, \u00e0 condition que vous ne modifiiez pas le mat\u00e9riel de quelque mani\u00e8re que ce soit et que vous conserviez intacts tous les droits d&rsquo;auteur, marques commerciales et autres avis de propri\u00e9t\u00e9.<\/p>\n<h2><span style=\"color: #286779;\">Liens vers d&rsquo;autres sites web<\/span><\/h2>\n<p>Notre service peut contenir des liens vers des sites web ou des services de tiers qui ne sont pas d\u00e9tenus ou contr\u00f4l\u00e9s par Le Premier \u00c9l\u00e9ment.<\/p>\n<p>Le Premier \u00c9l\u00e9ment n&rsquo;a aucun contr\u00f4le sur le contenu, les politiques de confidentialit\u00e9 ou les pratiques des sites web ou services de tiers, et n&rsquo;assume aucune responsabilit\u00e9 \u00e0 cet \u00e9gard. Vous reconnaissez et acceptez en outre que Le Premier \u00c9l\u00e9ment ne peut \u00eatre tenu pour responsable, directement ou indirectement, de tout dommage ou perte caus\u00e9 ou suppos\u00e9 caus\u00e9 par ou en relation avec l&rsquo;utilisation ou la confiance accord\u00e9e \u00e0 tout contenu, bien ou service disponible sur ou par l&rsquo;interm\u00e9diaire de ces sites web ou services.<\/p>\n<p>Nous vous conseillons vivement de lire les conditions g\u00e9n\u00e9rales et les politiques de confidentialit\u00e9 de tous les sites web ou services de tiers que vous visitez.<\/p>\n<h2><span style=\"color: #286779;\">Droit applicable<\/span><\/h2>\n<p>Les pr\u00e9sentes conditions sont r\u00e9gies et interpr\u00e9t\u00e9es conform\u00e9ment aux lois du Royaume-Uni, sans tenir compte des dispositions relatives aux conflits de lois.<\/p>\n<p>Le fait que nous n&rsquo;appliquions pas un droit ou une disposition des pr\u00e9sentes conditions ne sera pas consid\u00e9r\u00e9 comme une renonciation \u00e0 ces droits. Si une disposition des pr\u00e9sentes conditions est jug\u00e9e invalide ou inapplicable par un tribunal, les autres dispositions des pr\u00e9sentes conditions resteront en vigueur. Les pr\u00e9sentes conditions constituent l&rsquo;int\u00e9gralit\u00e9 de l&rsquo;accord entre nous concernant notre service, et annulent et remplacent tout accord ant\u00e9rieur que nous pourrions avoir entre nous concernant le service.<\/p>\n<h2><span style=\"color: #286779;\">Changements<\/span><\/h2>\n<p>Nous nous r\u00e9servons le droit, \u00e0 notre seule discr\u00e9tion, de modifier ou de remplacer les pr\u00e9sentes conditions \u00e0 tout moment. Si une r\u00e9vision est importante, nous nous efforcerons de donner un pr\u00e9avis d&rsquo;au moins 15 jours avant l&rsquo;entr\u00e9e en vigueur des nouvelles conditions. Ce qui constitue un changement important sera d\u00e9termin\u00e9 \u00e0 notre seule discr\u00e9tion.<\/p>\n<p>En continuant \u00e0 acc\u00e9der \u00e0 notre service ou \u00e0 l&rsquo;utiliser apr\u00e8s l&rsquo;entr\u00e9e en vigueur de ces r\u00e9visions, vous acceptez d&rsquo;\u00eatre li\u00e9 par les conditions r\u00e9vis\u00e9es. Si vous n&rsquo;acceptez pas les nouvelles conditions, veuillez cesser d&rsquo;utiliser le service.<\/p>\n<h2><span style=\"color: #286779;\">Nous contacter<\/span><\/h2>\n<p>Si vous avez des questions concernant ces conditions, veuillez nous contacter.<\/p>\n[\/vc_column_text][\/vc_column][\/vc_row]\n","protected":false},"excerpt":{"rendered":"<p>[vc_row type=\u00a0\u00bbin_container\u00a0\u00bb full_screen_row_position=\u00a0\u00bbmiddle\u00a0\u00bb column_margin=\u00a0\u00bbdefault\u00a0\u00bb column_direction=\u00a0\u00bbdefault\u00a0\u00bb column_direction_tablet=\u00a0\u00bbdefault\u00a0\u00bb column_direction_phone=\u00a0\u00bbdefault\u00a0\u00bb scene_position=\u00a0\u00bbcenter\u00a0\u00bb text_color=\u00a0\u00bbdark\u00a0\u00bb text_align=\u00a0\u00bbleft\u00a0\u00bb row_border_radius=\u00a0\u00bbnone\u00a0\u00bb row_border_radius_applies=\u00a0\u00bbbg\u00a0\u00bb overflow=\u00a0\u00bbvisible\u00a0\u00bb overlay_strength=\u00a0\u00bb0.3&Prime; gradient_direction=\u00a0\u00bbleft_to_right\u00a0\u00bb shape_divider_position=\u00a0\u00bbbottom\u00a0\u00bb bg_image_animation=\u00a0\u00bbnone\u00a0\u00bb][vc_column column_padding=\u00a0\u00bbno-extra-padding\u00a0\u00bb column_padding_tablet=\u00a0\u00bbinherit\u00a0\u00bb column_padding_phone=\u00a0\u00bbinherit\u00a0\u00bb column_padding_position=\u00a0\u00bball\u00a0\u00bb column_element_spacing=\u00a0\u00bbdefault\u00a0\u00bb background_color_opacity=\u00a0\u00bb1&Prime; background_hover_color_opacity=\u00a0\u00bb1&Prime; column_shadow=\u00a0\u00bbnone\u00a0\u00bb&#8230;<\/p>\n","protected":false},"author":4,"featured_media":0,"parent":0,"menu_order":0,"comment_status":"closed","ping_status":"closed","template":"","meta":{"content-type":"","footnotes":""},"class_list":["post-10110","page","type-page","status-publish"],"yoast_head":"<!-- This site is optimized with the Yoast SEO plugin v27.4 - https:\/\/yoast.com\/product\/yoast-seo-wordpress\/ -->\n<title>The First Element - Conditions g\u00e9n\u00e9rales d&#039;utilisation%.<\/title>\n<meta name=\"description\" content=\"Chez The First Element, nous nous engageons \u00e0 sauvegarder et \u00e0 pr\u00e9server votre vie priv\u00e9e lorsque vous visitez notre site ou que vous communiquez avec nous par voie \u00e9lectronique.\" \/>\n<meta name=\"robots\" content=\"index, follow, max-snippet:-1, max-image-preview:large, max-video-preview:-1\" \/>\n<link rel=\"canonical\" href=\"https:\/\/thefirstelement.com\/fr\/conditions-generales-dutilisation\/\" \/>\n<meta property=\"og:locale\" content=\"fr_FR\" \/>\n<meta property=\"og:type\" content=\"article\" \/>\n<meta property=\"og:title\" content=\"The First Element - Conditions g\u00e9n\u00e9rales d&#039;utilisation%.\" \/>\n<meta property=\"og:description\" content=\"Chez The First Element, nous nous engageons \u00e0 sauvegarder et \u00e0 pr\u00e9server votre vie priv\u00e9e lorsque vous visitez notre site ou que vous communiquez avec nous par voie \u00e9lectronique.\" \/>\n<meta property=\"og:url\" content=\"https:\/\/thefirstelement.com\/fr\/conditions-generales-dutilisation\/\" \/>\n<meta property=\"og:site_name\" content=\"The First Element\" \/>\n<meta property=\"article:modified_time\" content=\"2023-08-18T11:41:35+00:00\" \/>\n<meta name=\"twitter:card\" content=\"summary_large_image\" \/>\n<meta name=\"twitter:label1\" content=\"Dur\u00e9e de lecture estim\u00e9e\" \/>\n\t<meta name=\"twitter:data1\" content=\"5 minutes\" \/>\n<script type=\"application\/ld+json\" class=\"yoast-schema-graph\">{\"@context\":\"https:\\\/\\\/schema.org\",\"@graph\":[{\"@type\":\"WebPage\",\"@id\":\"https:\\\/\\\/thefirstelement.com\\\/fr\\\/conditions-generales-dutilisation\\\/\",\"url\":\"https:\\\/\\\/thefirstelement.com\\\/fr\\\/conditions-generales-dutilisation\\\/\",\"name\":\"The First Element - Conditions g\u00e9n\u00e9rales d'utilisation%.\",\"isPartOf\":{\"@id\":\"https:\\\/\\\/thefirstelement.com\\\/fr\\\/#website\"},\"datePublished\":\"2023-03-31T09:57:32+00:00\",\"dateModified\":\"2023-08-18T11:41:35+00:00\",\"description\":\"Chez The First Element, nous nous engageons \u00e0 sauvegarder et \u00e0 pr\u00e9server votre vie priv\u00e9e lorsque vous visitez notre site ou que vous communiquez avec nous par voie \u00e9lectronique.\",\"breadcrumb\":{\"@id\":\"https:\\\/\\\/thefirstelement.com\\\/fr\\\/conditions-generales-dutilisation\\\/#breadcrumb\"},\"inLanguage\":\"fr-FR\",\"potentialAction\":[{\"@type\":\"ReadAction\",\"target\":[\"https:\\\/\\\/thefirstelement.com\\\/fr\\\/conditions-generales-dutilisation\\\/\"]}]},{\"@type\":\"BreadcrumbList\",\"@id\":\"https:\\\/\\\/thefirstelement.com\\\/fr\\\/conditions-generales-dutilisation\\\/#breadcrumb\",\"itemListElement\":[{\"@type\":\"ListItem\",\"position\":1,\"name\":\"Home\",\"item\":\"https:\\\/\\\/thefirstelement.com\\\/fr\\\/accueil\\\/\"},{\"@type\":\"ListItem\",\"position\":2,\"name\":\"Conditions g\u00e9n\u00e9rales d&#8217;utilisation\"}]},{\"@type\":\"WebSite\",\"@id\":\"https:\\\/\\\/thefirstelement.com\\\/fr\\\/#website\",\"url\":\"https:\\\/\\\/thefirstelement.com\\\/fr\\\/\",\"name\":\"The First Element\",\"description\":\"The First Element is revolutionising the way Green Hydrogen is created, consumed and stored\",\"publisher\":{\"@id\":\"https:\\\/\\\/thefirstelement.com\\\/fr\\\/#organization\"},\"potentialAction\":[{\"@type\":\"SearchAction\",\"target\":{\"@type\":\"EntryPoint\",\"urlTemplate\":\"https:\\\/\\\/thefirstelement.com\\\/fr\\\/?s={search_term_string}\"},\"query-input\":{\"@type\":\"PropertyValueSpecification\",\"valueRequired\":true,\"valueName\":\"search_term_string\"}}],\"inLanguage\":\"fr-FR\"},{\"@type\":\"Organization\",\"@id\":\"https:\\\/\\\/thefirstelement.com\\\/fr\\\/#organization\",\"name\":\"The First Element\",\"url\":\"https:\\\/\\\/thefirstelement.com\\\/fr\\\/\",\"logo\":{\"@type\":\"ImageObject\",\"inLanguage\":\"fr-FR\",\"@id\":\"https:\\\/\\\/thefirstelement.com\\\/fr\\\/#\\\/schema\\\/logo\\\/image\\\/\",\"url\":\"https:\\\/\\\/thefirstelement.com\\\/wp-content\\\/uploads\\\/2023\\\/04\\\/the-first-element-logo-blue.png\",\"contentUrl\":\"https:\\\/\\\/thefirstelement.com\\\/wp-content\\\/uploads\\\/2023\\\/04\\\/the-first-element-logo-blue.png\",\"width\":1400,\"height\":800,\"caption\":\"The First Element\"},\"image\":{\"@id\":\"https:\\\/\\\/thefirstelement.com\\\/fr\\\/#\\\/schema\\\/logo\\\/image\\\/\"},\"sameAs\":[\"https:\\\/\\\/www.linkedin.com\\\/company\\\/the-first-element\\\/\"]}]}<\/script>\n<!-- \/ Yoast SEO plugin. -->","yoast_head_json":{"title":"The First Element - Conditions g\u00e9n\u00e9rales d'utilisation%.","description":"Chez The First Element, nous nous engageons \u00e0 sauvegarder et \u00e0 pr\u00e9server votre vie priv\u00e9e lorsque vous visitez notre site ou que vous communiquez avec nous par voie \u00e9lectronique.","robots":{"index":"index","follow":"follow","max-snippet":"max-snippet:-1","max-image-preview":"max-image-preview:large","max-video-preview":"max-video-preview:-1"},"canonical":"https:\/\/thefirstelement.com\/fr\/conditions-generales-dutilisation\/","og_locale":"fr_FR","og_type":"article","og_title":"The First Element - Conditions g\u00e9n\u00e9rales d'utilisation%.","og_description":"Chez The First Element, nous nous engageons \u00e0 sauvegarder et \u00e0 pr\u00e9server votre vie priv\u00e9e lorsque vous visitez notre site ou que vous communiquez avec nous par voie \u00e9lectronique.","og_url":"https:\/\/thefirstelement.com\/fr\/conditions-generales-dutilisation\/","og_site_name":"The First Element","article_modified_time":"2023-08-18T11:41:35+00:00","twitter_card":"summary_large_image","twitter_misc":{"Dur\u00e9e de lecture estim\u00e9e":"5 minutes"},"schema":{"@context":"https:\/\/schema.org","@graph":[{"@type":"WebPage","@id":"https:\/\/thefirstelement.com\/fr\/conditions-generales-dutilisation\/","url":"https:\/\/thefirstelement.com\/fr\/conditions-generales-dutilisation\/","name":"The First Element - Conditions g\u00e9n\u00e9rales d'utilisation%.","isPartOf":{"@id":"https:\/\/thefirstelement.com\/fr\/#website"},"datePublished":"2023-03-31T09:57:32+00:00","dateModified":"2023-08-18T11:41:35+00:00","description":"Chez The First Element, nous nous engageons \u00e0 sauvegarder et \u00e0 pr\u00e9server votre vie priv\u00e9e lorsque vous visitez notre site ou que vous communiquez avec nous par voie \u00e9lectronique.","breadcrumb":{"@id":"https:\/\/thefirstelement.com\/fr\/conditions-generales-dutilisation\/#breadcrumb"},"inLanguage":"fr-FR","potentialAction":[{"@type":"ReadAction","target":["https:\/\/thefirstelement.com\/fr\/conditions-generales-dutilisation\/"]}]},{"@type":"BreadcrumbList","@id":"https:\/\/thefirstelement.com\/fr\/conditions-generales-dutilisation\/#breadcrumb","itemListElement":[{"@type":"ListItem","position":1,"name":"Home","item":"https:\/\/thefirstelement.com\/fr\/accueil\/"},{"@type":"ListItem","position":2,"name":"Conditions g\u00e9n\u00e9rales d&#8217;utilisation"}]},{"@type":"WebSite","@id":"https:\/\/thefirstelement.com\/fr\/#website","url":"https:\/\/thefirstelement.com\/fr\/","name":"The First Element","description":"The First Element is revolutionising the way Green Hydrogen is created, consumed and stored","publisher":{"@id":"https:\/\/thefirstelement.com\/fr\/#organization"},"potentialAction":[{"@type":"SearchAction","target":{"@type":"EntryPoint","urlTemplate":"https:\/\/thefirstelement.com\/fr\/?s={search_term_string}"},"query-input":{"@type":"PropertyValueSpecification","valueRequired":true,"valueName":"search_term_string"}}],"inLanguage":"fr-FR"},{"@type":"Organization","@id":"https:\/\/thefirstelement.com\/fr\/#organization","name":"The First Element","url":"https:\/\/thefirstelement.com\/fr\/","logo":{"@type":"ImageObject","inLanguage":"fr-FR","@id":"https:\/\/thefirstelement.com\/fr\/#\/schema\/logo\/image\/","url":"https:\/\/thefirstelement.com\/wp-content\/uploads\/2023\/04\/the-first-element-logo-blue.png","contentUrl":"https:\/\/thefirstelement.com\/wp-content\/uploads\/2023\/04\/the-first-element-logo-blue.png","width":1400,"height":800,"caption":"The First Element"},"image":{"@id":"https:\/\/thefirstelement.com\/fr\/#\/schema\/logo\/image\/"},"sameAs":["https:\/\/www.linkedin.com\/company\/the-first-element\/"]}]}},"_links":{"self":[{"href":"https:\/\/thefirstelement.com\/fr\/wp-json\/wp\/v2\/pages\/10110","targetHints":{"allow":["GET"]}}],"collection":[{"href":"https:\/\/thefirstelement.com\/fr\/wp-json\/wp\/v2\/pages"}],"about":[{"href":"https:\/\/thefirstelement.com\/fr\/wp-json\/wp\/v2\/types\/page"}],"author":[{"embeddable":true,"href":"https:\/\/thefirstelement.com\/fr\/wp-json\/wp\/v2\/users\/4"}],"replies":[{"embeddable":true,"href":"https:\/\/thefirstelement.com\/fr\/wp-json\/wp\/v2\/comments?post=10110"}],"version-history":[{"count":3,"href":"https:\/\/thefirstelement.com\/fr\/wp-json\/wp\/v2\/pages\/10110\/revisions"}],"predecessor-version":[{"id":10288,"href":"https:\/\/thefirstelement.com\/fr\/wp-json\/wp\/v2\/pages\/10110\/revisions\/10288"}],"wp:attachment":[{"href":"https:\/\/thefirstelement.com\/fr\/wp-json\/wp\/v2\/media?parent=10110"}],"curies":[{"name":"wp","href":"https:\/\/api.w.org\/{rel}","templated":true}]}}