{"id":9814,"date":"2023-01-31T17:07:55","date_gmt":"2023-01-31T17:07:55","guid":{"rendered":"https:\/\/thefirstelement.com\/politica-de-privacidad\/"},"modified":"2023-08-18T11:32:05","modified_gmt":"2023-08-18T11:32:05","slug":"politica-de-privacidad","status":"publish","type":"page","link":"https:\/\/thefirstelement.com\/es\/politica-de-privacidad\/","title":{"rendered":"Pol\u00edtica de privacidad"},"content":{"rendered":"[vc_row type=\u00bbin_container\u00bb full_screen_row_position=\u00bbmiddle\u00bb column_margin=\u00bbdefault\u00bb column_direction=\u00bbdefault\u00bb column_direction_tablet=\u00bbdefault\u00bb column_direction_phone=\u00bbdefault\u00bb scene_position=\u00bbcenter\u00bb bottom_padding=\u00bb75&#8243; text_color=\u00bbdark\u00bb text_align=\u00bbleft\u00bb row_border_radius=\u00bbnone\u00bb row_border_radius_applies=\u00bbbg\u00bb overflow=\u00bbvisible\u00bb advanced_gradient_angle=\u00bb0&#8243; overlay_strength=\u00bb0.3&#8243; gradient_direction=\u00bbleft_to_right\u00bb shape_divider_position=\u00bbbottom\u00bb bg_image_animation=\u00bbnone\u00bb gradient_type=\u00bbdefault\u00bb shape_type=\u00bb\u00bb][vc_column column_padding=\u00bbno-extra-padding\u00bb column_padding_tablet=\u00bbinherit\u00bb column_padding_phone=\u00bbinherit\u00bb column_padding_position=\u00bball\u00bb column_element_spacing=\u00bbdefault\u00bb background_color_opacity=\u00bb1&#8243; background_hover_color_opacity=\u00bb1&#8243; column_shadow=\u00bbnone\u00bb column_border_radius=\u00bbnone\u00bb column_link_target=\u00bb_self\u00bb column_position=\u00bbdefault\u00bb gradient_direction=\u00bbleft_to_right\u00bb overlay_strength=\u00bb0.3&#8243; width=\u00bb1\/1&#8243; tablet_width_inherit=\u00bbdefault\u00bb tablet_text_alignment=\u00bbdefault\u00bb phone_text_alignment=\u00bbdefault\u00bb animation_type=\u00bbdefault\u00bb bg_image_animation=\u00bbnone\u00bb border_type=\u00bbsimple\u00bb column_border_width=\u00bbnone\u00bb column_border_style=\u00bbsolid\u00bb][split_line_heading animation_type=\u00bbline-reveal-by-space\u00bb font_style=\u00bbh1&#8243; text_color=\u00bb#286779&#8243; line_reveal_by_space_text_effect=\u00bbdefault\u00bb content_alignment=\u00bbdefault\u00bb mobile_content_alignment=\u00bbinherit\u00bb link_target=\u00bb_self\u00bb text_content=\u00bbPol\u00edtica de privacidad\u00bb][\/split_line_heading][\/vc_column][\/vc_row][vc_row type=\u00bbin_container\u00bb full_screen_row_position=\u00bbmiddle\u00bb column_margin=\u00bbdefault\u00bb column_direction=\u00bbdefault\u00bb column_direction_tablet=\u00bbdefault\u00bb column_direction_phone=\u00bbdefault\u00bb scene_position=\u00bbcenter\u00bb text_color=\u00bbdark\u00bb text_align=\u00bbleft\u00bb row_border_radius=\u00bbnone\u00bb row_border_radius_applies=\u00bbbg\u00bb overflow=\u00bbvisible\u00bb overlay_strength=\u00bb0.3&#8243; gradient_direction=\u00bbleft_to_right\u00bb shape_divider_position=\u00bbbottom\u00bb bg_image_animation=\u00bbnone\u00bb][vc_column column_padding=\u00bbno-extra-padding\u00bb column_padding_tablet=\u00bbinherit\u00bb column_padding_phone=\u00bbinherit\u00bb column_padding_position=\u00bball\u00bb column_element_spacing=\u00bbdefault\u00bb background_color_opacity=\u00bb1&#8243; background_hover_color_opacity=\u00bb1&#8243; column_shadow=\u00bbnone\u00bb column_border_radius=\u00bbnone\u00bb column_link_target=\u00bb_self\u00bb column_position=\u00bbdefault\u00bb gradient_direction=\u00bbleft_to_right\u00bb overlay_strength=\u00bb0.3&#8243; width=\u00bb1\/1&#8243; tablet_width_inherit=\u00bbdefault\u00bb tablet_text_alignment=\u00bbdefault\u00bb phone_text_alignment=\u00bbdefault\u00bb animation_type=\u00bbdefault\u00bb bg_image_animation=\u00bbnone\u00bb border_type=\u00bbsimple\u00bb column_border_width=\u00bbnone\u00bb column_border_style=\u00bbsolid\u00bb][vc_column_text]\n\n<h2 class=\"wp-block-heading\"><span style=\"color: #286779;\">Su privacidad es muy importante para nosotros<\/span><\/h2>\n<p>It is The First Elements\u2019s policy to respect your privacy regarding any information we may collect while operating our website. This Privacy Policy applies to <a href=\"http:\/\/www.thefirstelement.com\">www.thefirstelement.com<\/a> (hereinafter, \u201cus\u201d, \u201cwe\u201d). We respect your privacy and are committed to protecting personally identifiable information you may provide us through the Website. We have adopted this privacy policy (\u201cPrivacy Policy\u201d) to explain what information may be collected on our Website, how we use this information, and under what circumstances we may disclose the information to third parties. This Privacy Policy applies only to information we collect through the Website and does not apply to our collection of information from other sources.<\/p>\n<p>This Privacy Policy, together with the Terms and conditions posted on our Website, set forth the general rules and policies governing your use of our Website. Depending on your activities when visiting our Website, you may be required to agree to additional terms and conditions.<\/p>\n\n<h2 class=\"wp-block-heading\"><span style=\"color: #286779;\">Visitantes del sitio web<\/span><\/h2>\n<p>Like most website operators, The First Element collects non-personally identifying information of the sort that web browsers and servers typically make available, such as the browser type, language preference, referring site, and the date and time of each visitor request. The First Elements\u2019s purpose in collecting non-personally identifying information is to better understand how The First Element\u2019s visitors use its website. From time to time, The First Element may release non-personally identifying information in the aggregate, e.g., by publishing a report on trends in the usage of its website.<\/p>\n<p>The First Element also collects potentially personally identifying information like Internet Protocol (IP) addresses for logged-in users and for users leaving comments on news posts. The First Element only discloses logged-in user and commenter IP addresses under the same circumstances that it uses and discloses personally-identifying information as described below.<\/p>\n\n<h2 class=\"wp-block-heading\"><span style=\"color: #286779;\">Recogida de datos personales  <\/span><\/h2>\n<p><\/p><p>Los sitios web de The First Element eligen interactuar con The First Element de maneras que requieren que The First Element recopile informaci\u00f3n de identificaci\u00f3n personal. La cantidad y el tipo de informaci\u00f3n que recopila El Primer Elemento dependen de la naturaleza de la interacci\u00f3n.<\/p>\n<p><!-- \/wp:post-content --><br \/>\n<!-- wp:heading --><\/p>\n<h2><span style=\"color: #286779;\">Seguridad<\/span><\/h2>\n<p>La seguridad de sus datos personales es importante para nosotros, pero recuerde que ning\u00fan m\u00e9todo de transmisi\u00f3n por Internet o de almacenamiento electr\u00f3nico es seguro al 100%. Aunque nos esforzamos por utilizar medios comercialmente aceptables para proteger sus Datos Personales, no podemos garantizar su absoluta seguridad.<\/p>\n<p><!-- \/wp:heading --><br \/>\n<!-- wp:heading --><\/p>\n<h2><span style=\"color: #286779;\">Enlaces a sitios externos<\/span><\/h2>\n<p>Nuestro Servicio puede contener enlaces a sitios externos que no son operados por nosotros. Si hace clic en un enlace de terceros, ser\u00e1 dirigido al sitio web de ese tercero. Le recomendamos encarecidamente que revise la pol\u00edtica de privacidad y los t\u00e9rminos y condiciones de cada sitio que visite.<\/p>\n<p>No tenemos ning\u00fan control ni asumimos ninguna responsabilidad por el contenido, las pol\u00edticas de privacidad o las pr\u00e1cticas de los sitios, productos o servicios de terceros.<\/p>\n<p><!-- \/wp:heading --><br \/>\n<!-- wp:heading --><\/p>\n<h2><span style=\"color: #286779;\">Estad\u00edsticas agregadas<\/span><\/h2>\n<p>El Primer Elemento puede recopilar estad\u00edsticas sobre el comportamiento de los visitantes de su sitio web. El Primer Elemento puede mostrar esta informaci\u00f3n p\u00fablicamente o facilitarla a terceros. Sin embargo, The First Element no divulga su informaci\u00f3n de identificaci\u00f3n personal.<\/p>\n<p><!-- \/wp:heading --><br \/>\n<!-- wp:heading --><\/p>\n<h2><span style=\"color: #286779;\">Cookies<\/span><\/h2>\n<p>Para enriquecer y perfeccionar su experiencia en l\u00ednea, El Primer Elemento utiliza \u00abCookies\u00bb, tecnolog\u00edas similares y servicios prestados por terceros para mostrar contenidos personalizados, publicidad adecuada y almacenar sus preferencias en su ordenador.<\/p>\n<p>Una cookie es una cadena de informaci\u00f3n que un sitio web almacena en el ordenador de un visitante, y que el navegador del visitante proporciona al sitio web cada vez que el visitante regresa. The First Element utiliza cookies para ayudar a The First Element a identificar y rastrear a los visitantes, su uso de https:\/\/thefirstelement.com, y sus preferencias de acceso al sitio web. Los visitantes de The First Element que no deseen que se instalen cookies en sus ordenadores deben configurar sus navegadores para rechazar las cookies antes de utilizar los sitios web de The First Element, con el inconveniente de que algunas caracter\u00edsticas de los sitios web de The First Element pueden no funcionar correctamente sin la ayuda de cookies.<\/p>\n<p>Si contin\u00faa navegando por nuestro sitio web sin cambiar la configuraci\u00f3n de cookies, reconoce y acepta el uso de cookies por parte de The First Element.<\/p>\n<p><!-- \/wp:heading --><br \/>\n<!-- wp:heading --><\/p>\n<h2><span style=\"color: #286779;\">Cambios en la pol\u00edtica de privacidad<\/span><\/h2>\n<p>Aunque es probable que la mayor\u00eda de los cambios sean menores, El Primer Elemento puede cambiar su Pol\u00edtica de Privacidad de vez en cuando, y a la sola discreci\u00f3n de El Primer Elemento. El Primer Elemento anima a sus visitantes a consultar con frecuencia esta p\u00e1gina para comprobar si se han producido cambios en su Pol\u00edtica de Privacidad. Su uso continuado de este sitio despu\u00e9s de cualquier cambio en esta Pol\u00edtica de Privacidad constituir\u00e1 su aceptaci\u00f3n de dicho cambio.<\/p>\n<p id=\"matomo_opted_out_intro\" style=\"display:none;\">Opt-out complete; your visits to this website will not be recorded by the Web Analytics tool. Note that if you clear your cookies, delete the opt-out cookie, or if you change computers or Web browsers, you will need to perform the opt-out procedure again.<\/p><p id=\"matomo_opted_in_intro\" >You may choose to prevent this website from aggregating and analyzing the actions you take here. Doing so will protect your privacy, but will also prevent the owner from learning from your actions and creating a better experience for you and other users.<\/p><form>\n        <input type=\"checkbox\" id=\"matomo_optout_checkbox\" checked=\"checked\"\/>\n        <label for=\"matomo_optout_checkbox\"><strong>\n        <span id=\"matomo_opted_in_label\" >You are not opted out. Uncheck this box to opt-out.<\/span>\n\t\t<span id=\"matomo_opted_out_label\" style=\"display:none;\">You are currently opted out. Check this box to opt-in.<\/span>\n        <\/strong><\/label><\/form><noscript><p><strong style=\"color: #ff0000;\">This opt out feature requires JavaScript.<\/strong><\/p><\/noscript><p id=\"matomo_outout_err_cookies\" style=\"display: none;\"><strong>The tracking opt-out feature requires cookies to be enabled.<\/strong><\/p><!-- \/wp:heading --><\/p>\n<p><!-- wp:heading --><\/p>\n<p>&nbsp;<\/p>\n[\/vc_column_text][\/vc_column][vc_column column_padding=\u00bbno-extra-padding\u00bb column_padding_tablet=\u00bbinherit\u00bb column_padding_phone=\u00bbinherit\u00bb column_padding_position=\u00bball\u00bb column_element_spacing=\u00bbdefault\u00bb background_color_opacity=\u00bb1&#8243; background_hover_color_opacity=\u00bb1&#8243; column_shadow=\u00bbnone\u00bb column_border_radius=\u00bbnone\u00bb column_link_target=\u00bb_self\u00bb column_position=\u00bbdefault\u00bb gradient_direction=\u00bbleft_to_right\u00bb overlay_strength=\u00bb0.3&#8243; width=\u00bb1\/1&#8243; tablet_width_inherit=\u00bbdefault\u00bb tablet_text_alignment=\u00bbdefault\u00bb phone_text_alignment=\u00bbdefault\u00bb animation_type=\u00bbdefault\u00bb bg_image_animation=\u00bbnone\u00bb border_type=\u00bbsimple\u00bb column_border_width=\u00bbnone\u00bb column_border_style=\u00bbsolid\u00bb][\/vc_column][\/vc_row]\n","protected":false},"excerpt":{"rendered":"<p>[vc_row type=\u00bbin_container\u00bb full_screen_row_position=\u00bbmiddle\u00bb column_margin=\u00bbdefault\u00bb column_direction=\u00bbdefault\u00bb column_direction_tablet=\u00bbdefault\u00bb column_direction_phone=\u00bbdefault\u00bb scene_position=\u00bbcenter\u00bb bottom_padding=\u00bb75&#8243; text_color=\u00bbdark\u00bb text_align=\u00bbleft\u00bb row_border_radius=\u00bbnone\u00bb row_border_radius_applies=\u00bbbg\u00bb overflow=\u00bbvisible\u00bb advanced_gradient_angle=\u00bb0&#8243; overlay_strength=\u00bb0.3&#8243; gradient_direction=\u00bbleft_to_right\u00bb shape_divider_position=\u00bbbottom\u00bb bg_image_animation=\u00bbnone\u00bb gradient_type=\u00bbdefault\u00bb shape_type=\u00bb\u00bb][vc_column column_padding=\u00bbno-extra-padding\u00bb column_padding_tablet=\u00bbinherit\u00bb column_padding_phone=\u00bbinherit\u00bb column_padding_position=\u00bball\u00bb&#8230;<\/p>\n","protected":false},"author":1,"featured_media":0,"parent":0,"menu_order":0,"comment_status":"closed","ping_status":"closed","template":"","meta":{"content-type":"","footnotes":""},"class_list":["post-9814","page","type-page","status-publish"],"yoast_head":"<!-- This site is optimized with the Yoast SEO plugin v27.5 - https:\/\/yoast.com\/product\/yoast-seo-wordpress\/ -->\n<title>- Pol\u00edtica de privacidad .<\/title>\n<meta name=\"description\" content=\"Esta pol\u00edtica de privacidad establece c\u00f3mo The First Element utiliza y protege cualquier informaci\u00f3n que usted da a The First Element cuando se utiliza este sitio web.\" \/>\n<meta name=\"robots\" content=\"index, follow, max-snippet:-1, max-image-preview:large, max-video-preview:-1\" \/>\n<link rel=\"canonical\" href=\"https:\/\/thefirstelement.com\/es\/politica-de-privacidad\/\" \/>\n<meta property=\"og:locale\" content=\"es_ES\" \/>\n<meta property=\"og:type\" content=\"article\" \/>\n<meta property=\"og:title\" content=\"- Pol\u00edtica de privacidad .\" \/>\n<meta property=\"og:description\" content=\"Esta pol\u00edtica de privacidad establece c\u00f3mo The First Element utiliza y protege cualquier informaci\u00f3n que usted da a The First Element cuando se utiliza este sitio web.\" \/>\n<meta property=\"og:url\" content=\"https:\/\/thefirstelement.com\/es\/politica-de-privacidad\/\" \/>\n<meta property=\"og:site_name\" content=\"The First Element\" \/>\n<meta property=\"article:modified_time\" content=\"2023-08-18T11:32:05+00:00\" \/>\n<meta name=\"twitter:card\" content=\"summary_large_image\" \/>\n<meta name=\"twitter:label1\" content=\"Tiempo de lectura\" \/>\n\t<meta name=\"twitter:data1\" content=\"6 minutos\" \/>\n<script type=\"application\/ld+json\" class=\"yoast-schema-graph\">{\"@context\":\"https:\\\/\\\/schema.org\",\"@graph\":[{\"@type\":\"WebPage\",\"@id\":\"https:\\\/\\\/thefirstelement.com\\\/es\\\/politica-de-privacidad\\\/\",\"url\":\"https:\\\/\\\/thefirstelement.com\\\/es\\\/politica-de-privacidad\\\/\",\"name\":\"- Pol\u00edtica de privacidad .\",\"isPartOf\":{\"@id\":\"https:\\\/\\\/thefirstelement.com\\\/es\\\/#website\"},\"datePublished\":\"2023-01-31T17:07:55+00:00\",\"dateModified\":\"2023-08-18T11:32:05+00:00\",\"description\":\"Esta pol\u00edtica de privacidad establece c\u00f3mo The First Element utiliza y protege cualquier informaci\u00f3n que usted da a The First Element cuando se utiliza este sitio web.\",\"breadcrumb\":{\"@id\":\"https:\\\/\\\/thefirstelement.com\\\/es\\\/politica-de-privacidad\\\/#breadcrumb\"},\"inLanguage\":\"es\",\"potentialAction\":[{\"@type\":\"ReadAction\",\"target\":[\"https:\\\/\\\/thefirstelement.com\\\/es\\\/politica-de-privacidad\\\/\"]}]},{\"@type\":\"BreadcrumbList\",\"@id\":\"https:\\\/\\\/thefirstelement.com\\\/es\\\/politica-de-privacidad\\\/#breadcrumb\",\"itemListElement\":[{\"@type\":\"ListItem\",\"position\":1,\"name\":\"Home\",\"item\":\"https:\\\/\\\/thefirstelement.com\\\/es\\\/inicio\\\/\"},{\"@type\":\"ListItem\",\"position\":2,\"name\":\"Pol\u00edtica de privacidad\"}]},{\"@type\":\"WebSite\",\"@id\":\"https:\\\/\\\/thefirstelement.com\\\/es\\\/#website\",\"url\":\"https:\\\/\\\/thefirstelement.com\\\/es\\\/\",\"name\":\"The First Element\",\"description\":\"The First Element is revolutionising the way Green Hydrogen is created, consumed and stored\",\"publisher\":{\"@id\":\"https:\\\/\\\/thefirstelement.com\\\/es\\\/#organization\"},\"potentialAction\":[{\"@type\":\"SearchAction\",\"target\":{\"@type\":\"EntryPoint\",\"urlTemplate\":\"https:\\\/\\\/thefirstelement.com\\\/es\\\/?s={search_term_string}\"},\"query-input\":{\"@type\":\"PropertyValueSpecification\",\"valueRequired\":true,\"valueName\":\"search_term_string\"}}],\"inLanguage\":\"es\"},{\"@type\":\"Organization\",\"@id\":\"https:\\\/\\\/thefirstelement.com\\\/es\\\/#organization\",\"name\":\"The First Element\",\"url\":\"https:\\\/\\\/thefirstelement.com\\\/es\\\/\",\"logo\":{\"@type\":\"ImageObject\",\"inLanguage\":\"es\",\"@id\":\"https:\\\/\\\/thefirstelement.com\\\/es\\\/#\\\/schema\\\/logo\\\/image\\\/\",\"url\":\"https:\\\/\\\/thefirstelement.com\\\/wp-content\\\/uploads\\\/2023\\\/04\\\/the-first-element-logo-blue.png\",\"contentUrl\":\"https:\\\/\\\/thefirstelement.com\\\/wp-content\\\/uploads\\\/2023\\\/04\\\/the-first-element-logo-blue.png\",\"width\":1400,\"height\":800,\"caption\":\"The First Element\"},\"image\":{\"@id\":\"https:\\\/\\\/thefirstelement.com\\\/es\\\/#\\\/schema\\\/logo\\\/image\\\/\"},\"sameAs\":[\"https:\\\/\\\/www.linkedin.com\\\/company\\\/the-first-element\\\/\"]}]}<\/script>\n<!-- \/ Yoast SEO plugin. -->","yoast_head_json":{"title":"- Pol\u00edtica de privacidad .","description":"Esta pol\u00edtica de privacidad establece c\u00f3mo The First Element utiliza y protege cualquier informaci\u00f3n que usted da a The First Element cuando se utiliza este sitio web.","robots":{"index":"index","follow":"follow","max-snippet":"max-snippet:-1","max-image-preview":"max-image-preview:large","max-video-preview":"max-video-preview:-1"},"canonical":"https:\/\/thefirstelement.com\/es\/politica-de-privacidad\/","og_locale":"es_ES","og_type":"article","og_title":"- Pol\u00edtica de privacidad .","og_description":"Esta pol\u00edtica de privacidad establece c\u00f3mo The First Element utiliza y protege cualquier informaci\u00f3n que usted da a The First Element cuando se utiliza este sitio web.","og_url":"https:\/\/thefirstelement.com\/es\/politica-de-privacidad\/","og_site_name":"The First Element","article_modified_time":"2023-08-18T11:32:05+00:00","twitter_card":"summary_large_image","twitter_misc":{"Tiempo de lectura":"6 minutos"},"schema":{"@context":"https:\/\/schema.org","@graph":[{"@type":"WebPage","@id":"https:\/\/thefirstelement.com\/es\/politica-de-privacidad\/","url":"https:\/\/thefirstelement.com\/es\/politica-de-privacidad\/","name":"- Pol\u00edtica de privacidad .","isPartOf":{"@id":"https:\/\/thefirstelement.com\/es\/#website"},"datePublished":"2023-01-31T17:07:55+00:00","dateModified":"2023-08-18T11:32:05+00:00","description":"Esta pol\u00edtica de privacidad establece c\u00f3mo The First Element utiliza y protege cualquier informaci\u00f3n que usted da a The First Element cuando se utiliza este sitio web.","breadcrumb":{"@id":"https:\/\/thefirstelement.com\/es\/politica-de-privacidad\/#breadcrumb"},"inLanguage":"es","potentialAction":[{"@type":"ReadAction","target":["https:\/\/thefirstelement.com\/es\/politica-de-privacidad\/"]}]},{"@type":"BreadcrumbList","@id":"https:\/\/thefirstelement.com\/es\/politica-de-privacidad\/#breadcrumb","itemListElement":[{"@type":"ListItem","position":1,"name":"Home","item":"https:\/\/thefirstelement.com\/es\/inicio\/"},{"@type":"ListItem","position":2,"name":"Pol\u00edtica de privacidad"}]},{"@type":"WebSite","@id":"https:\/\/thefirstelement.com\/es\/#website","url":"https:\/\/thefirstelement.com\/es\/","name":"The First Element","description":"The First Element is revolutionising the way Green Hydrogen is created, consumed and stored","publisher":{"@id":"https:\/\/thefirstelement.com\/es\/#organization"},"potentialAction":[{"@type":"SearchAction","target":{"@type":"EntryPoint","urlTemplate":"https:\/\/thefirstelement.com\/es\/?s={search_term_string}"},"query-input":{"@type":"PropertyValueSpecification","valueRequired":true,"valueName":"search_term_string"}}],"inLanguage":"es"},{"@type":"Organization","@id":"https:\/\/thefirstelement.com\/es\/#organization","name":"The First Element","url":"https:\/\/thefirstelement.com\/es\/","logo":{"@type":"ImageObject","inLanguage":"es","@id":"https:\/\/thefirstelement.com\/es\/#\/schema\/logo\/image\/","url":"https:\/\/thefirstelement.com\/wp-content\/uploads\/2023\/04\/the-first-element-logo-blue.png","contentUrl":"https:\/\/thefirstelement.com\/wp-content\/uploads\/2023\/04\/the-first-element-logo-blue.png","width":1400,"height":800,"caption":"The First Element"},"image":{"@id":"https:\/\/thefirstelement.com\/es\/#\/schema\/logo\/image\/"},"sameAs":["https:\/\/www.linkedin.com\/company\/the-first-element\/"]}]}},"_links":{"self":[{"href":"https:\/\/thefirstelement.com\/es\/wp-json\/wp\/v2\/pages\/9814","targetHints":{"allow":["GET"]}}],"collection":[{"href":"https:\/\/thefirstelement.com\/es\/wp-json\/wp\/v2\/pages"}],"about":[{"href":"https:\/\/thefirstelement.com\/es\/wp-json\/wp\/v2\/types\/page"}],"author":[{"embeddable":true,"href":"https:\/\/thefirstelement.com\/es\/wp-json\/wp\/v2\/users\/1"}],"replies":[{"embeddable":true,"href":"https:\/\/thefirstelement.com\/es\/wp-json\/wp\/v2\/comments?post=9814"}],"version-history":[{"count":1,"href":"https:\/\/thefirstelement.com\/es\/wp-json\/wp\/v2\/pages\/9814\/revisions"}],"predecessor-version":[{"id":9819,"href":"https:\/\/thefirstelement.com\/es\/wp-json\/wp\/v2\/pages\/9814\/revisions\/9819"}],"wp:attachment":[{"href":"https:\/\/thefirstelement.com\/es\/wp-json\/wp\/v2\/media?parent=9814"}],"curies":[{"name":"wp","href":"https:\/\/api.w.org\/{rel}","templated":true}]}}