{"id":9815,"date":"2023-01-31T17:07:55","date_gmt":"2023-01-31T17:07:55","guid":{"rendered":"https:\/\/thefirstelement.com\/datenschutzbestimmungen\/"},"modified":"2023-08-18T11:32:04","modified_gmt":"2023-08-18T11:32:04","slug":"datenschutzbestimmungen","status":"publish","type":"page","link":"https:\/\/thefirstelement.com\/de\/datenschutzbestimmungen\/","title":{"rendered":"Datenschutzbestimmungen"},"content":{"rendered":"[vc_row type=&#8220;in_container&#8220; full_screen_row_position=&#8220;middle&#8220; column_margin=&#8220;default&#8220; column_direction=&#8220;default&#8220; column_direction_tablet=&#8220;default&#8220; column_direction_phone=&#8220;default&#8220; scene_position=&#8220;center&#8220; bottom_padding=&#8220;75&#8243; text_color=&#8220;dark&#8220; text_align=&#8220;left&#8220; row_border_radius=&#8220;none&#8220; row_border_radius_applies=&#8220;bg&#8220; overflow=&#8220;visible&#8220; advanced_gradient_angle=&#8220;0&#8243; overlay_strength=&#8220;0.3&#8243; gradient_direction=&#8220;left_to_right&#8220; shape_divider_position=&#8220;bottom&#8220; bg_image_animation=&#8220;none&#8220; gradient_type=&#8220;default&#8220; shape_type=&#8220;&#8220;][vc_column column_padding=&#8220;no-extra-padding&#8220; column_padding_tablet=&#8220;inherit&#8220; column_padding_phone=&#8220;inherit&#8220; column_padding_position=&#8220;all&#8220; column_element_spacing=&#8220;default&#8220; background_color_opacity=&#8220;1&#8243; background_hover_color_opacity=&#8220;1&#8243; column_shadow=&#8220;none&#8220; column_border_radius=&#8220;none&#8220; column_link_target=&#8220;_self&#8220; column_position=&#8220;default&#8220; gradient_direction=&#8220;left_to_right&#8220; overlay_strength=&#8220;0.3&#8243; width=&#8220;1\/1&#8243; tablet_width_inherit=&#8220;default&#8220; tablet_text_alignment=&#8220;default&#8220; phone_text_alignment=&#8220;default&#8220; animation_type=&#8220;default&#8220; bg_image_animation=&#8220;none&#8220; border_type=&#8220;simple&#8220; column_border_width=&#8220;none&#8220; column_border_style=&#8220;solid&#8220;][split_line_heading animation_type=&#8220;line-reveal-by-space&#8220; font_style=&#8220;h1&#8243; text_color=&#8220;#286779&#8243; line_reveal_by_space_text_effect=&#8220;default&#8220; content_alignment=&#8220;default&#8220; mobile_content_alignment=&#8220;inherit&#8220; link_target=&#8220;_self&#8220; text_content=&#8220;Datenschutzbestimmungen&#8220;][\/split_line_heading][\/vc_column][\/vc_row][vc_row type=&#8220;in_container&#8220; full_screen_row_position=&#8220;middle&#8220; column_margin=&#8220;default&#8220; column_direction=&#8220;default&#8220; column_direction_tablet=&#8220;default&#8220; column_direction_phone=&#8220;default&#8220; scene_position=&#8220;center&#8220; text_color=&#8220;dark&#8220; text_align=&#8220;left&#8220; row_border_radius=&#8220;none&#8220; row_border_radius_applies=&#8220;bg&#8220; overflow=&#8220;visible&#8220; overlay_strength=&#8220;0.3&#8243; gradient_direction=&#8220;left_to_right&#8220; shape_divider_position=&#8220;bottom&#8220; bg_image_animation=&#8220;none&#8220;][vc_column column_padding=&#8220;no-extra-padding&#8220; column_padding_tablet=&#8220;inherit&#8220; column_padding_phone=&#8220;inherit&#8220; column_padding_position=&#8220;all&#8220; column_element_spacing=&#8220;default&#8220; background_color_opacity=&#8220;1&#8243; background_hover_color_opacity=&#8220;1&#8243; column_shadow=&#8220;none&#8220; column_border_radius=&#8220;none&#8220; column_link_target=&#8220;_self&#8220; column_position=&#8220;default&#8220; gradient_direction=&#8220;left_to_right&#8220; overlay_strength=&#8220;0.3&#8243; width=&#8220;1\/1&#8243; tablet_width_inherit=&#8220;default&#8220; tablet_text_alignment=&#8220;default&#8220; phone_text_alignment=&#8220;default&#8220; animation_type=&#8220;default&#8220; bg_image_animation=&#8220;none&#8220; border_type=&#8220;simple&#8220; column_border_width=&#8220;none&#8220; column_border_style=&#8220;solid&#8220;][vc_column_text]\n\n<h2 class=\"wp-block-heading\"><span style=\"color: #286779;\">Ihre Privatsph\u00e4re ist f\u00fcr uns von entscheidender Bedeutung<\/span><\/h2>\n<p>It is The First Elements\u2019s policy to respect your privacy regarding any information we may collect while operating our website. This Privacy Policy applies to <a href=\"http:\/\/www.thefirstelement.com\">www.thefirstelement.com<\/a> (hereinafter, \u201cus\u201d, \u201cwe\u201d). We respect your privacy and are committed to protecting personally identifiable information you may provide us through the Website. We have adopted this privacy policy (\u201cPrivacy Policy\u201d) to explain what information may be collected on our Website, how we use this information, and under what circumstances we may disclose the information to third parties. This Privacy Policy applies only to information we collect through the Website and does not apply to our collection of information from other sources.<\/p>\n<p>This Privacy Policy, together with the Terms and conditions posted on our Website, set forth the general rules and policies governing your use of our Website. Depending on your activities when visiting our Website, you may be required to agree to additional terms and conditions.<\/p>\n\n<h2 class=\"wp-block-heading\"><span style=\"color: #286779;\">Besucher der Website<\/span><\/h2>\n<p>Like most website operators, The First Element collects non-personally identifying information of the sort that web browsers and servers typically make available, such as the browser type, language preference, referring site, and the date and time of each visitor request. The First Elements\u2019s purpose in collecting non-personally identifying information is to better understand how The First Element\u2019s visitors use its website. From time to time, The First Element may release non-personally identifying information in the aggregate, e.g., by publishing a report on trends in the usage of its website.<\/p>\n<p>The First Element also collects potentially personally identifying information like Internet Protocol (IP) addresses for logged-in users and for users leaving comments on news posts. The First Element only discloses logged-in user and commenter IP addresses under the same circumstances that it uses and discloses personally-identifying information as described below.<\/p>\n\n<h2 class=\"wp-block-heading\"><span style=\"color: #286779;\">Erhebung personenbezogener Daten  <\/span><\/h2>\n<p><\/p><p>Die Websites von The First Element interagieren mit The First Element auf eine Weise, die es erforderlich macht, dass The First Element pers\u00f6nlich identifizierende Informationen sammelt. Die Menge und Art der Informationen, die The First Element sammelt, h\u00e4ngt von der Art der Interaktion ab.<\/p>\n<p><!-- \/wp:post-content --><br \/>\n<!-- wp:heading --><\/p>\n<h2><span style=\"color: #286779;\">Sicherheit<\/span><\/h2>\n<p>Die Sicherheit Ihrer pers\u00f6nlichen Daten ist uns wichtig, aber denken Sie daran, dass keine Methode der \u00dcbertragung \u00fcber das Internet oder der elektronischen Speicherung 100% sicher ist. Obwohl wir uns bem\u00fchen, kommerziell akzeptable Mittel zum Schutz Ihrer pers\u00f6nlichen Daten einzusetzen, k\u00f6nnen wir deren absolute Sicherheit nicht garantieren.<\/p>\n<p><!-- \/wp:heading --><br \/>\n<!-- wp:heading --><\/p>\n<h2><span style=\"color: #286779;\">Links zu externen Websites<\/span><\/h2>\n<p>Unser Service kann Links zu externen Websites enthalten, die nicht von uns betrieben werden. Wenn Sie auf einen Link eines Dritten klicken, werden Sie auf die Website dieses Dritten weitergeleitet. Wir raten Ihnen dringend, die Datenschutzrichtlinien und Gesch\u00e4ftsbedingungen jeder Website, die Sie besuchen, zu lesen.<\/p>\n<p>Wir haben keine Kontrolle \u00fcber und \u00fcbernehmen keine Verantwortung f\u00fcr die Inhalte, Datenschutzrichtlinien oder Praktiken von Websites, Produkten oder Dienstleistungen Dritter.<\/p>\n<p><!-- \/wp:heading --><br \/>\n<!-- wp:heading --><\/p>\n<h2><span style=\"color: #286779;\">Aggregierte Statistiken<\/span><\/h2>\n<p>The First Element kann Statistiken \u00fcber das Verhalten der Besucher seiner Website erstellen. The First Element kann diese Informationen \u00f6ffentlich zug\u00e4nglich machen oder sie anderen zur Verf\u00fcgung stellen. The First Element gibt jedoch keine pers\u00f6nlich identifizierenden Informationen weiter.<\/p>\n<p><!-- \/wp:heading --><br \/>\n<!-- wp:heading --><\/p>\n<h2><span style=\"color: #286779;\">Cookies<\/span><\/h2>\n<p>Um Ihr Online-Erlebnis zu bereichern und zu perfektionieren, verwendet The First Element &#8222;Cookies&#8220;, \u00e4hnliche Technologien und Dienste, die von anderen bereitgestellt werden, um personalisierte Inhalte und geeignete Werbung anzuzeigen und Ihre Pr\u00e4ferenzen auf Ihrem Computer zu speichern.<\/p>\n<p>Ein Cookie ist eine Zeichenkette von Informationen, die eine Website auf dem Computer eines Besuchers speichert und die der Browser des Besuchers jedes Mal an die Website weitergibt, wenn der Besucher zur\u00fcckkehrt. The First Element verwendet Cookies, um The First Element dabei zu helfen, Besucher zu identifizieren und zu verfolgen, ihre Nutzung von https:\/\/thefirstelement.com und ihre Zugriffspr\u00e4ferenzen auf die Website. Besucher von The First Element, die nicht w\u00fcnschen, dass Cookies auf ihren Computern platziert werden, sollten ihren Browser so einstellen, dass er Cookies ablehnt, bevor sie die Websites von The First Element nutzen, mit dem Nachteil, dass bestimmte Funktionen der Websites von The First Element ohne die Hilfe von Cookies nicht richtig funktionieren.<\/p>\n<p>Wenn Sie auf unserer Website weiternavigieren, ohne Ihre Cookie-Einstellungen zu \u00e4ndern, erkl\u00e4ren Sie sich mit der Verwendung von Cookies durch The First Element einverstanden.<\/p>\n<p><!-- \/wp:heading --><br \/>\n<!-- wp:heading --><\/p>\n<h2><span style=\"color: #286779;\">\u00c4nderungen der Datenschutzrichtlinie<\/span><\/h2>\n<p>Obwohl die meisten \u00c4nderungen wahrscheinlich geringf\u00fcgig sind, kann The First Element seine Datenschutzrichtlinie von Zeit zu Zeit und nach eigenem Ermessen \u00e4ndern. The First Element fordert seine Besucher auf, diese Seite regelm\u00e4\u00dfig auf \u00c4nderungen der Datenschutzrichtlinie zu \u00fcberpr\u00fcfen. Wenn Sie diese Website nach einer \u00c4nderung dieser Datenschutzrichtlinie weiterhin nutzen, erkl\u00e4ren Sie sich mit dieser \u00c4nderung einverstanden.<\/p>\n<p id=\"matomo_opted_out_intro\" style=\"display:none;\">Opt-out complete; your visits to this website will not be recorded by the Web Analytics tool. Note that if you clear your cookies, delete the opt-out cookie, or if you change computers or Web browsers, you will need to perform the opt-out procedure again.<\/p><p id=\"matomo_opted_in_intro\" >You may choose to prevent this website from aggregating and analyzing the actions you take here. Doing so will protect your privacy, but will also prevent the owner from learning from your actions and creating a better experience for you and other users.<\/p><form>\n        <input type=\"checkbox\" id=\"matomo_optout_checkbox\" checked=\"checked\"\/>\n        <label for=\"matomo_optout_checkbox\"><strong>\n        <span id=\"matomo_opted_in_label\" >You are not opted out. Uncheck this box to opt-out.<\/span>\n\t\t<span id=\"matomo_opted_out_label\" style=\"display:none;\">You are currently opted out. Check this box to opt-in.<\/span>\n        <\/strong><\/label><\/form><noscript><p><strong style=\"color: #ff0000;\">This opt out feature requires JavaScript.<\/strong><\/p><\/noscript><p id=\"matomo_outout_err_cookies\" style=\"display: none;\"><strong>The tracking opt-out feature requires cookies to be enabled.<\/strong><\/p><!-- \/wp:heading --><\/p>\n<p><!-- wp:heading --><\/p>\n<p>&nbsp;<\/p>\n[\/vc_column_text][\/vc_column][vc_column column_padding=&#8220;no-extra-padding&#8220; column_padding_tablet=&#8220;inherit&#8220; column_padding_phone=&#8220;inherit&#8220; column_padding_position=&#8220;all&#8220; column_element_spacing=&#8220;default&#8220; background_color_opacity=&#8220;1&#8243; background_hover_color_opacity=&#8220;1&#8243; column_shadow=&#8220;none&#8220; column_border_radius=&#8220;none&#8220; column_link_target=&#8220;_self&#8220; column_position=&#8220;default&#8220; gradient_direction=&#8220;left_to_right&#8220; overlay_strength=&#8220;0.3&#8243; width=&#8220;1\/1&#8243; tablet_width_inherit=&#8220;default&#8220; tablet_text_alignment=&#8220;default&#8220; phone_text_alignment=&#8220;default&#8220; animation_type=&#8220;default&#8220; bg_image_animation=&#8220;none&#8220; border_type=&#8220;simple&#8220; column_border_width=&#8220;none&#8220; column_border_style=&#8220;solid&#8220;][\/vc_column][\/vc_row]\n","protected":false},"excerpt":{"rendered":"<p>[vc_row type=&#8220;in_container&#8220; full_screen_row_position=&#8220;middle&#8220; column_margin=&#8220;default&#8220; column_direction=&#8220;default&#8220; column_direction_tablet=&#8220;default&#8220; column_direction_phone=&#8220;default&#8220; scene_position=&#8220;center&#8220; bottom_padding=&#8220;75&#8243; text_color=&#8220;dark&#8220; text_align=&#8220;left&#8220; row_border_radius=&#8220;none&#8220; row_border_radius_applies=&#8220;bg&#8220; overflow=&#8220;visible&#8220; advanced_gradient_angle=&#8220;0&#8243; overlay_strength=&#8220;0.3&#8243; gradient_direction=&#8220;left_to_right&#8220; shape_divider_position=&#8220;bottom&#8220; bg_image_animation=&#8220;none&#8220; gradient_type=&#8220;default&#8220; shape_type=&#8220;&#8220;][vc_column column_padding=&#8220;no-extra-padding&#8220; column_padding_tablet=&#8220;inherit&#8220; column_padding_phone=&#8220;inherit&#8220; column_padding_position=&#8220;all&#8220;&#8230;<\/p>\n","protected":false},"author":1,"featured_media":0,"parent":0,"menu_order":0,"comment_status":"closed","ping_status":"closed","template":"","meta":{"content-type":"","footnotes":""},"class_list":["post-9815","page","type-page","status-publish"],"yoast_head":"<!-- This site is optimized with the Yoast SEO plugin v27.5 - https:\/\/yoast.com\/product\/yoast-seo-wordpress\/ -->\n<title>-<\/title>\n<meta name=\"description\" content=\"In dieser Datenschutzerkl\u00e4rung wird dargelegt, wie The First Element die Informationen, die Sie bei der Nutzung dieser Website an The First Element weitergeben, verwendet und sch\u00fctzt.\" \/>\n<meta name=\"robots\" content=\"index, follow, max-snippet:-1, max-image-preview:large, max-video-preview:-1\" \/>\n<link rel=\"canonical\" href=\"https:\/\/thefirstelement.com\/de\/datenschutzbestimmungen\/\" \/>\n<meta property=\"og:locale\" content=\"de_DE\" \/>\n<meta property=\"og:type\" content=\"article\" \/>\n<meta property=\"og:title\" content=\"-\" \/>\n<meta property=\"og:description\" content=\"In dieser Datenschutzerkl\u00e4rung wird dargelegt, wie The First Element die Informationen, die Sie bei der Nutzung dieser Website an The First Element weitergeben, verwendet und sch\u00fctzt.\" \/>\n<meta property=\"og:url\" content=\"https:\/\/thefirstelement.com\/de\/datenschutzbestimmungen\/\" \/>\n<meta property=\"og:site_name\" content=\"The First Element\" \/>\n<meta property=\"article:modified_time\" content=\"2023-08-18T11:32:04+00:00\" \/>\n<meta name=\"twitter:card\" content=\"summary_large_image\" \/>\n<meta name=\"twitter:label1\" content=\"Gesch\u00e4tzte Lesezeit\" \/>\n\t<meta name=\"twitter:data1\" content=\"6\u00a0Minuten\" \/>\n<script type=\"application\/ld+json\" class=\"yoast-schema-graph\">{\"@context\":\"https:\\\/\\\/schema.org\",\"@graph\":[{\"@type\":\"WebPage\",\"@id\":\"https:\\\/\\\/thefirstelement.com\\\/de\\\/datenschutzbestimmungen\\\/\",\"url\":\"https:\\\/\\\/thefirstelement.com\\\/de\\\/datenschutzbestimmungen\\\/\",\"name\":\"-\",\"isPartOf\":{\"@id\":\"https:\\\/\\\/thefirstelement.com\\\/de\\\/#website\"},\"datePublished\":\"2023-01-31T17:07:55+00:00\",\"dateModified\":\"2023-08-18T11:32:04+00:00\",\"description\":\"In dieser Datenschutzerkl\u00e4rung wird dargelegt, wie The First Element die Informationen, die Sie bei der Nutzung dieser Website an The First Element weitergeben, verwendet und sch\u00fctzt.\",\"breadcrumb\":{\"@id\":\"https:\\\/\\\/thefirstelement.com\\\/de\\\/datenschutzbestimmungen\\\/#breadcrumb\"},\"inLanguage\":\"de\",\"potentialAction\":[{\"@type\":\"ReadAction\",\"target\":[\"https:\\\/\\\/thefirstelement.com\\\/de\\\/datenschutzbestimmungen\\\/\"]}]},{\"@type\":\"BreadcrumbList\",\"@id\":\"https:\\\/\\\/thefirstelement.com\\\/de\\\/datenschutzbestimmungen\\\/#breadcrumb\",\"itemListElement\":[{\"@type\":\"ListItem\",\"position\":1,\"name\":\"Home\",\"item\":\"https:\\\/\\\/thefirstelement.com\\\/de\\\/startseite\\\/\"},{\"@type\":\"ListItem\",\"position\":2,\"name\":\"Datenschutzbestimmungen\"}]},{\"@type\":\"WebSite\",\"@id\":\"https:\\\/\\\/thefirstelement.com\\\/de\\\/#website\",\"url\":\"https:\\\/\\\/thefirstelement.com\\\/de\\\/\",\"name\":\"The First Element\",\"description\":\"The First Element is revolutionising the way Green Hydrogen is created, consumed and stored\",\"publisher\":{\"@id\":\"https:\\\/\\\/thefirstelement.com\\\/de\\\/#organization\"},\"potentialAction\":[{\"@type\":\"SearchAction\",\"target\":{\"@type\":\"EntryPoint\",\"urlTemplate\":\"https:\\\/\\\/thefirstelement.com\\\/de\\\/?s={search_term_string}\"},\"query-input\":{\"@type\":\"PropertyValueSpecification\",\"valueRequired\":true,\"valueName\":\"search_term_string\"}}],\"inLanguage\":\"de\"},{\"@type\":\"Organization\",\"@id\":\"https:\\\/\\\/thefirstelement.com\\\/de\\\/#organization\",\"name\":\"The First Element\",\"url\":\"https:\\\/\\\/thefirstelement.com\\\/de\\\/\",\"logo\":{\"@type\":\"ImageObject\",\"inLanguage\":\"de\",\"@id\":\"https:\\\/\\\/thefirstelement.com\\\/de\\\/#\\\/schema\\\/logo\\\/image\\\/\",\"url\":\"https:\\\/\\\/thefirstelement.com\\\/wp-content\\\/uploads\\\/2023\\\/04\\\/the-first-element-logo-blue.png\",\"contentUrl\":\"https:\\\/\\\/thefirstelement.com\\\/wp-content\\\/uploads\\\/2023\\\/04\\\/the-first-element-logo-blue.png\",\"width\":1400,\"height\":800,\"caption\":\"The First Element\"},\"image\":{\"@id\":\"https:\\\/\\\/thefirstelement.com\\\/de\\\/#\\\/schema\\\/logo\\\/image\\\/\"},\"sameAs\":[\"https:\\\/\\\/www.linkedin.com\\\/company\\\/the-first-element\\\/\"]}]}<\/script>\n<!-- \/ Yoast SEO plugin. -->","yoast_head_json":{"title":"-","description":"In dieser Datenschutzerkl\u00e4rung wird dargelegt, wie The First Element die Informationen, die Sie bei der Nutzung dieser Website an The First Element weitergeben, verwendet und sch\u00fctzt.","robots":{"index":"index","follow":"follow","max-snippet":"max-snippet:-1","max-image-preview":"max-image-preview:large","max-video-preview":"max-video-preview:-1"},"canonical":"https:\/\/thefirstelement.com\/de\/datenschutzbestimmungen\/","og_locale":"de_DE","og_type":"article","og_title":"-","og_description":"In dieser Datenschutzerkl\u00e4rung wird dargelegt, wie The First Element die Informationen, die Sie bei der Nutzung dieser Website an The First Element weitergeben, verwendet und sch\u00fctzt.","og_url":"https:\/\/thefirstelement.com\/de\/datenschutzbestimmungen\/","og_site_name":"The First Element","article_modified_time":"2023-08-18T11:32:04+00:00","twitter_card":"summary_large_image","twitter_misc":{"Gesch\u00e4tzte Lesezeit":"6\u00a0Minuten"},"schema":{"@context":"https:\/\/schema.org","@graph":[{"@type":"WebPage","@id":"https:\/\/thefirstelement.com\/de\/datenschutzbestimmungen\/","url":"https:\/\/thefirstelement.com\/de\/datenschutzbestimmungen\/","name":"-","isPartOf":{"@id":"https:\/\/thefirstelement.com\/de\/#website"},"datePublished":"2023-01-31T17:07:55+00:00","dateModified":"2023-08-18T11:32:04+00:00","description":"In dieser Datenschutzerkl\u00e4rung wird dargelegt, wie The First Element die Informationen, die Sie bei der Nutzung dieser Website an The First Element weitergeben, verwendet und sch\u00fctzt.","breadcrumb":{"@id":"https:\/\/thefirstelement.com\/de\/datenschutzbestimmungen\/#breadcrumb"},"inLanguage":"de","potentialAction":[{"@type":"ReadAction","target":["https:\/\/thefirstelement.com\/de\/datenschutzbestimmungen\/"]}]},{"@type":"BreadcrumbList","@id":"https:\/\/thefirstelement.com\/de\/datenschutzbestimmungen\/#breadcrumb","itemListElement":[{"@type":"ListItem","position":1,"name":"Home","item":"https:\/\/thefirstelement.com\/de\/startseite\/"},{"@type":"ListItem","position":2,"name":"Datenschutzbestimmungen"}]},{"@type":"WebSite","@id":"https:\/\/thefirstelement.com\/de\/#website","url":"https:\/\/thefirstelement.com\/de\/","name":"The First Element","description":"The First Element is revolutionising the way Green Hydrogen is created, consumed and stored","publisher":{"@id":"https:\/\/thefirstelement.com\/de\/#organization"},"potentialAction":[{"@type":"SearchAction","target":{"@type":"EntryPoint","urlTemplate":"https:\/\/thefirstelement.com\/de\/?s={search_term_string}"},"query-input":{"@type":"PropertyValueSpecification","valueRequired":true,"valueName":"search_term_string"}}],"inLanguage":"de"},{"@type":"Organization","@id":"https:\/\/thefirstelement.com\/de\/#organization","name":"The First Element","url":"https:\/\/thefirstelement.com\/de\/","logo":{"@type":"ImageObject","inLanguage":"de","@id":"https:\/\/thefirstelement.com\/de\/#\/schema\/logo\/image\/","url":"https:\/\/thefirstelement.com\/wp-content\/uploads\/2023\/04\/the-first-element-logo-blue.png","contentUrl":"https:\/\/thefirstelement.com\/wp-content\/uploads\/2023\/04\/the-first-element-logo-blue.png","width":1400,"height":800,"caption":"The First Element"},"image":{"@id":"https:\/\/thefirstelement.com\/de\/#\/schema\/logo\/image\/"},"sameAs":["https:\/\/www.linkedin.com\/company\/the-first-element\/"]}]}},"_links":{"self":[{"href":"https:\/\/thefirstelement.com\/de\/wp-json\/wp\/v2\/pages\/9815","targetHints":{"allow":["GET"]}}],"collection":[{"href":"https:\/\/thefirstelement.com\/de\/wp-json\/wp\/v2\/pages"}],"about":[{"href":"https:\/\/thefirstelement.com\/de\/wp-json\/wp\/v2\/types\/page"}],"author":[{"embeddable":true,"href":"https:\/\/thefirstelement.com\/de\/wp-json\/wp\/v2\/users\/1"}],"replies":[{"embeddable":true,"href":"https:\/\/thefirstelement.com\/de\/wp-json\/wp\/v2\/comments?post=9815"}],"version-history":[{"count":1,"href":"https:\/\/thefirstelement.com\/de\/wp-json\/wp\/v2\/pages\/9815\/revisions"}],"predecessor-version":[{"id":9820,"href":"https:\/\/thefirstelement.com\/de\/wp-json\/wp\/v2\/pages\/9815\/revisions\/9820"}],"wp:attachment":[{"href":"https:\/\/thefirstelement.com\/de\/wp-json\/wp\/v2\/media?parent=9815"}],"curies":[{"name":"wp","href":"https:\/\/api.w.org\/{rel}","templated":true}]}}