{"id":10096,"date":"2023-03-31T09:57:32","date_gmt":"2023-03-31T09:57:32","guid":{"rendered":"https:\/\/thefirstelement.com\/bedingungen-und-konditionen\/"},"modified":"2023-08-18T11:41:34","modified_gmt":"2023-08-18T11:41:34","slug":"bedingungen-und-konditionen","status":"publish","type":"page","link":"https:\/\/thefirstelement.com\/de\/bedingungen-und-konditionen\/","title":{"rendered":"Bedingungen und Konditionen"},"content":{"rendered":"[vc_row type=&#8220;in_container&#8220; full_screen_row_position=&#8220;middle&#8220; column_margin=&#8220;default&#8220; column_direction=&#8220;default&#8220; column_direction_tablet=&#8220;default&#8220; column_direction_phone=&#8220;default&#8220; scene_position=&#8220;center&#8220; text_color=&#8220;dark&#8220; text_align=&#8220;left&#8220; row_border_radius=&#8220;none&#8220; row_border_radius_applies=&#8220;bg&#8220; overflow=&#8220;visible&#8220; overlay_strength=&#8220;0.3&#8243; gradient_direction=&#8220;left_to_right&#8220; shape_divider_position=&#8220;bottom&#8220; bg_image_animation=&#8220;none&#8220;][vc_column column_padding=&#8220;no-extra-padding&#8220; column_padding_tablet=&#8220;inherit&#8220; column_padding_phone=&#8220;inherit&#8220; column_padding_position=&#8220;all&#8220; column_element_spacing=&#8220;default&#8220; background_color_opacity=&#8220;1&#8243; background_hover_color_opacity=&#8220;1&#8243; column_shadow=&#8220;none&#8220; column_border_radius=&#8220;none&#8220; column_link_target=&#8220;_self&#8220; column_position=&#8220;default&#8220; gradient_direction=&#8220;left_to_right&#8220; overlay_strength=&#8220;0.3&#8243; width=&#8220;1\/1&#8243; tablet_width_inherit=&#8220;default&#8220; tablet_text_alignment=&#8220;default&#8220; phone_text_alignment=&#8220;default&#8220; animation_type=&#8220;default&#8220; bg_image_animation=&#8220;none&#8220; border_type=&#8220;simple&#8220; column_border_width=&#8220;none&#8220; column_border_style=&#8220;solid&#8220;][split_line_heading animation_type=&#8220;line-reveal-by-space&#8220; font_style=&#8220;h1&#8243; text_color=&#8220;#286779&#8243; line_reveal_by_space_text_effect=&#8220;default&#8220; content_alignment=&#8220;default&#8220; mobile_content_alignment=&#8220;inherit&#8220; link_target=&#8220;_self&#8220; text_content=&#8220;Bedingungen und Konditionen&#8220;][\/split_line_heading][\/vc_column][\/vc_row][vc_row type=&#8220;in_container&#8220; full_screen_row_position=&#8220;middle&#8220; column_margin=&#8220;default&#8220; column_direction=&#8220;default&#8220; column_direction_tablet=&#8220;default&#8220; column_direction_phone=&#8220;default&#8220; scene_position=&#8220;center&#8220; text_color=&#8220;dark&#8220; text_align=&#8220;left&#8220; row_border_radius=&#8220;none&#8220; row_border_radius_applies=&#8220;bg&#8220; overflow=&#8220;visible&#8220; overlay_strength=&#8220;0.3&#8243; gradient_direction=&#8220;left_to_right&#8220; shape_divider_position=&#8220;bottom&#8220; bg_image_animation=&#8220;none&#8220;][vc_column column_padding=&#8220;no-extra-padding&#8220; column_padding_tablet=&#8220;inherit&#8220; column_padding_phone=&#8220;inherit&#8220; column_padding_position=&#8220;all&#8220; column_element_spacing=&#8220;default&#8220; background_color_opacity=&#8220;1&#8243; background_hover_color_opacity=&#8220;1&#8243; column_shadow=&#8220;none&#8220; column_border_radius=&#8220;none&#8220; column_link_target=&#8220;_self&#8220; column_position=&#8220;default&#8220; gradient_direction=&#8220;left_to_right&#8220; overlay_strength=&#8220;0.3&#8243; width=&#8220;1\/1&#8243; tablet_width_inherit=&#8220;default&#8220; tablet_text_alignment=&#8220;default&#8220; phone_text_alignment=&#8220;default&#8220; animation_type=&#8220;default&#8220; bg_image_animation=&#8220;none&#8220; border_type=&#8220;simple&#8220; column_border_width=&#8220;none&#8220; column_border_style=&#8220;solid&#8220;][vc_column_text]\n<h2><span style=\"color: #286779;\">Zuletzt aktualisiert am: 15.06.2023<\/span><\/h2>\n<p>Bitte lesen Sie diese Nutzungsbedingungen (&#8222;Bedingungen&#8220;, &#8222;Nutzungsbedingungen&#8220;) sorgf\u00e4ltig durch, bevor Sie die von The First Element (&#8222;uns&#8220;, &#8222;wir&#8220; oder &#8222;unser&#8220;) betriebene Website https:\/\/thefirstelement.com (der &#8222;Service&#8220;) nutzen.<\/p>\n<p>Ihr Zugang zu und Ihre Nutzung des Dienstes setzt voraus, dass Sie die vorliegenden Bedingungen akzeptieren und einhalten. Diese Bedingungen gelten f\u00fcr alle Besucher, Nutzer und andere, die auf den Dienst zugreifen oder ihn nutzen.<\/p>\n<p>Durch den Zugriff auf den Dienst oder dessen Nutzung erkl\u00e4ren Sie sich mit diesen Bedingungen einverstanden. Wenn Sie mit irgendeinem Teil der Bedingungen nicht einverstanden sind, d\u00fcrfen Sie nicht auf den Dienst zugreifen.<\/p>\n<h2><span style=\"color: #286779;\">Urheberrecht und geistiges Eigentum<\/span><\/h2>\n<p>Sofern nicht anders angegeben, sind die Inhalte dieser Website, einschlie\u00dflich, aber nicht beschr\u00e4nkt auf die hierin enthaltenen Texte und Bilder sowie deren Anordnung, Eigentum von The First Element oder ihrer Kunden. Alle Marken, die auf dieser Website verwendet oder erw\u00e4hnt werden, sind Eigentum ihrer jeweiligen Inhaber.<\/p>\n<p>Nichts auf dieser Website darf so ausgelegt werden, dass es stillschweigend, durch Rechtsverwirkung oder auf andere Weise eine Lizenz oder ein Recht an einem Urheberrecht, einem Patent, einem Warenzeichen oder einem anderen Eigentumsrecht von The First Element oder einer dritten Partei \u00fcbertr\u00e4gt. Diese Website und die auf ihr bereitgestellten Inhalte, einschlie\u00dflich, aber nicht beschr\u00e4nkt auf Grafiken, Audio- und Videodateien, HTML-Code, Schaltfl\u00e4chen und Text, d\u00fcrfen ohne vorherige schriftliche Zustimmung von The First Element nicht kopiert, reproduziert, neu ver\u00f6ffentlicht, hochgeladen, gepostet, \u00fcbertragen oder in irgendeiner Weise verteilt werden, mit der Ausnahme, dass Sie eine Kopie der Materialien auf einem einzelnen Computer ausschlie\u00dflich f\u00fcr Ihren pers\u00f6nlichen, nicht-kommerziellen Gebrauch herunterladen, anzeigen und ausdrucken d\u00fcrfen, vorausgesetzt, dass Sie das Material in keiner Weise ver\u00e4ndern und alle Urheberrechts-, Marken- und sonstigen Eigentumsvermerke unver\u00e4ndert lassen.<\/p>\n<h2><span style=\"color: #286779;\">Links zu anderen Websites<\/span><\/h2>\n<p>Unser Service kann Links zu Websites oder Diensten Dritter enthalten, die nicht im Besitz oder unter der Kontrolle von The First Element sind.<\/p>\n<p>The First Element hat keine Kontrolle \u00fcber und \u00fcbernimmt keine Verantwortung f\u00fcr den Inhalt, die Datenschutzrichtlinien oder die Praktiken von Websites oder Diensten Dritter. Sie erkennen ferner an und erkl\u00e4ren sich damit einverstanden, dass The First Element weder direkt noch indirekt f\u00fcr Sch\u00e4den oder Verluste verantwortlich oder haftbar ist, die durch oder in Verbindung mit der Nutzung von oder dem Vertrauen auf solche Inhalte, Waren oder Dienstleistungen, die auf oder \u00fcber solche Websites oder Dienstleistungen verf\u00fcgbar sind, entstehen oder angeblich entstehen.<\/p>\n<p>Wir raten Ihnen dringend, die Gesch\u00e4ftsbedingungen und Datenschutzrichtlinien aller Websites oder Dienste Dritter, die Sie besuchen, zu lesen.<\/p>\n<h2><span style=\"color: #286779;\">Geltendes Recht<\/span><\/h2>\n<p>Diese Bedingungen unterliegen den Gesetzen des Vereinigten K\u00f6nigreichs und sind entsprechend auszulegen, ungeachtet der Bestimmungen des Kollisionsrechts.<\/p>\n<p>Unser Vers\u00e4umnis, ein Recht oder eine Bestimmung dieser Bedingungen durchzusetzen, gilt nicht als Verzicht auf diese Rechte. Falls eine Bestimmung dieser Bedingungen von einem Gericht f\u00fcr ung\u00fcltig oder nicht durchsetzbar erkl\u00e4rt wird, bleiben die \u00fcbrigen Bestimmungen dieser Bedingungen in Kraft. Diese Bedingungen stellen die gesamte Vereinbarung zwischen uns in Bezug auf unseren Service dar und ersetzen alle fr\u00fcheren Vereinbarungen zwischen uns in Bezug auf den Service.<\/p>\n<h2><span style=\"color: #286779;\">\u00c4nderungen<\/span><\/h2>\n<p>Wir behalten uns das Recht vor, diese Bedingungen jederzeit und nach eigenem Ermessen zu \u00e4ndern oder zu ersetzen. Wenn eine \u00c4nderung wesentlich ist, werden wir versuchen, mindestens 15 Tage vor Inkrafttreten der neuen Bedingungen Bescheid zu geben. Was eine wesentliche \u00c4nderung darstellt, wird nach unserem alleinigen Ermessen festgelegt.<\/p>\n<p>Indem Sie nach Inkrafttreten dieser \u00c4nderungen weiterhin auf unseren Service zugreifen oder ihn nutzen, erkl\u00e4ren Sie sich mit den \u00fcberarbeiteten Bedingungen einverstanden. Wenn Sie mit den neuen Bedingungen nicht einverstanden sind, stellen Sie bitte die Nutzung des Dienstes ein.<\/p>\n<h2><span style=\"color: #286779;\">Kontakt<\/span><\/h2>\n<p>Wenn Sie Fragen zu diesen Bedingungen haben, wenden Sie sich bitte an uns.<\/p>\n[\/vc_column_text][\/vc_column][\/vc_row]\n","protected":false},"excerpt":{"rendered":"<p>[vc_row type=&#8220;in_container&#8220; full_screen_row_position=&#8220;middle&#8220; column_margin=&#8220;default&#8220; column_direction=&#8220;default&#8220; column_direction_tablet=&#8220;default&#8220; column_direction_phone=&#8220;default&#8220; scene_position=&#8220;center&#8220; text_color=&#8220;dark&#8220; text_align=&#8220;left&#8220; row_border_radius=&#8220;none&#8220; row_border_radius_applies=&#8220;bg&#8220; overflow=&#8220;visible&#8220; overlay_strength=&#8220;0.3&#8243; gradient_direction=&#8220;left_to_right&#8220; shape_divider_position=&#8220;bottom&#8220; bg_image_animation=&#8220;none&#8220;][vc_column column_padding=&#8220;no-extra-padding&#8220; column_padding_tablet=&#8220;inherit&#8220; column_padding_phone=&#8220;inherit&#8220; column_padding_position=&#8220;all&#8220; column_element_spacing=&#8220;default&#8220; background_color_opacity=&#8220;1&#8243; background_hover_color_opacity=&#8220;1&#8243; column_shadow=&#8220;none&#8220;&#8230;<\/p>\n","protected":false},"author":4,"featured_media":0,"parent":0,"menu_order":0,"comment_status":"closed","ping_status":"closed","template":"","meta":{"content-type":"","footnotes":""},"class_list":["post-10096","page","type-page","status-publish"],"yoast_head":"<!-- This site is optimized with the Yoast SEO plugin v27.5 - https:\/\/yoast.com\/product\/yoast-seo-wordpress\/ -->\n<title>-<\/title>\n<meta name=\"description\" content=\"Wir bei The First Element sind bestrebt, Ihre Privatsph\u00e4re zu sch\u00fctzen und zu bewahren, wenn Sie unsere Website besuchen oder elektronisch mit uns kommunizieren.\" \/>\n<meta name=\"robots\" content=\"index, follow, max-snippet:-1, max-image-preview:large, max-video-preview:-1\" \/>\n<link rel=\"canonical\" href=\"https:\/\/thefirstelement.com\/de\/bedingungen-und-konditionen\/\" \/>\n<meta property=\"og:locale\" content=\"de_DE\" \/>\n<meta property=\"og:type\" content=\"article\" \/>\n<meta property=\"og:title\" content=\"-\" \/>\n<meta property=\"og:description\" content=\"Wir bei The First Element sind bestrebt, Ihre Privatsph\u00e4re zu sch\u00fctzen und zu bewahren, wenn Sie unsere Website besuchen oder elektronisch mit uns kommunizieren.\" \/>\n<meta property=\"og:url\" content=\"https:\/\/thefirstelement.com\/de\/bedingungen-und-konditionen\/\" \/>\n<meta property=\"og:site_name\" content=\"The First Element\" \/>\n<meta property=\"article:modified_time\" content=\"2023-08-18T11:41:34+00:00\" \/>\n<meta name=\"twitter:card\" content=\"summary_large_image\" \/>\n<meta name=\"twitter:label1\" content=\"Gesch\u00e4tzte Lesezeit\" \/>\n\t<meta name=\"twitter:data1\" content=\"5\u00a0Minuten\" \/>\n<script type=\"application\/ld+json\" class=\"yoast-schema-graph\">{\"@context\":\"https:\\\/\\\/schema.org\",\"@graph\":[{\"@type\":\"WebPage\",\"@id\":\"https:\\\/\\\/thefirstelement.com\\\/de\\\/bedingungen-und-konditionen\\\/\",\"url\":\"https:\\\/\\\/thefirstelement.com\\\/de\\\/bedingungen-und-konditionen\\\/\",\"name\":\"-\",\"isPartOf\":{\"@id\":\"https:\\\/\\\/thefirstelement.com\\\/de\\\/#website\"},\"datePublished\":\"2023-03-31T09:57:32+00:00\",\"dateModified\":\"2023-08-18T11:41:34+00:00\",\"description\":\"Wir bei The First Element sind bestrebt, Ihre Privatsph\u00e4re zu sch\u00fctzen und zu bewahren, wenn Sie unsere Website besuchen oder elektronisch mit uns kommunizieren.\",\"breadcrumb\":{\"@id\":\"https:\\\/\\\/thefirstelement.com\\\/de\\\/bedingungen-und-konditionen\\\/#breadcrumb\"},\"inLanguage\":\"de\",\"potentialAction\":[{\"@type\":\"ReadAction\",\"target\":[\"https:\\\/\\\/thefirstelement.com\\\/de\\\/bedingungen-und-konditionen\\\/\"]}]},{\"@type\":\"BreadcrumbList\",\"@id\":\"https:\\\/\\\/thefirstelement.com\\\/de\\\/bedingungen-und-konditionen\\\/#breadcrumb\",\"itemListElement\":[{\"@type\":\"ListItem\",\"position\":1,\"name\":\"Home\",\"item\":\"https:\\\/\\\/thefirstelement.com\\\/de\\\/startseite\\\/\"},{\"@type\":\"ListItem\",\"position\":2,\"name\":\"Bedingungen und Konditionen\"}]},{\"@type\":\"WebSite\",\"@id\":\"https:\\\/\\\/thefirstelement.com\\\/de\\\/#website\",\"url\":\"https:\\\/\\\/thefirstelement.com\\\/de\\\/\",\"name\":\"The First Element\",\"description\":\"The First Element is revolutionising the way Green Hydrogen is created, consumed and stored\",\"publisher\":{\"@id\":\"https:\\\/\\\/thefirstelement.com\\\/de\\\/#organization\"},\"potentialAction\":[{\"@type\":\"SearchAction\",\"target\":{\"@type\":\"EntryPoint\",\"urlTemplate\":\"https:\\\/\\\/thefirstelement.com\\\/de\\\/?s={search_term_string}\"},\"query-input\":{\"@type\":\"PropertyValueSpecification\",\"valueRequired\":true,\"valueName\":\"search_term_string\"}}],\"inLanguage\":\"de\"},{\"@type\":\"Organization\",\"@id\":\"https:\\\/\\\/thefirstelement.com\\\/de\\\/#organization\",\"name\":\"The First Element\",\"url\":\"https:\\\/\\\/thefirstelement.com\\\/de\\\/\",\"logo\":{\"@type\":\"ImageObject\",\"inLanguage\":\"de\",\"@id\":\"https:\\\/\\\/thefirstelement.com\\\/de\\\/#\\\/schema\\\/logo\\\/image\\\/\",\"url\":\"https:\\\/\\\/thefirstelement.com\\\/wp-content\\\/uploads\\\/2023\\\/04\\\/the-first-element-logo-blue.png\",\"contentUrl\":\"https:\\\/\\\/thefirstelement.com\\\/wp-content\\\/uploads\\\/2023\\\/04\\\/the-first-element-logo-blue.png\",\"width\":1400,\"height\":800,\"caption\":\"The First Element\"},\"image\":{\"@id\":\"https:\\\/\\\/thefirstelement.com\\\/de\\\/#\\\/schema\\\/logo\\\/image\\\/\"},\"sameAs\":[\"https:\\\/\\\/www.linkedin.com\\\/company\\\/the-first-element\\\/\"]}]}<\/script>\n<!-- \/ Yoast SEO plugin. -->","yoast_head_json":{"title":"-","description":"Wir bei The First Element sind bestrebt, Ihre Privatsph\u00e4re zu sch\u00fctzen und zu bewahren, wenn Sie unsere Website besuchen oder elektronisch mit uns kommunizieren.","robots":{"index":"index","follow":"follow","max-snippet":"max-snippet:-1","max-image-preview":"max-image-preview:large","max-video-preview":"max-video-preview:-1"},"canonical":"https:\/\/thefirstelement.com\/de\/bedingungen-und-konditionen\/","og_locale":"de_DE","og_type":"article","og_title":"-","og_description":"Wir bei The First Element sind bestrebt, Ihre Privatsph\u00e4re zu sch\u00fctzen und zu bewahren, wenn Sie unsere Website besuchen oder elektronisch mit uns kommunizieren.","og_url":"https:\/\/thefirstelement.com\/de\/bedingungen-und-konditionen\/","og_site_name":"The First Element","article_modified_time":"2023-08-18T11:41:34+00:00","twitter_card":"summary_large_image","twitter_misc":{"Gesch\u00e4tzte Lesezeit":"5\u00a0Minuten"},"schema":{"@context":"https:\/\/schema.org","@graph":[{"@type":"WebPage","@id":"https:\/\/thefirstelement.com\/de\/bedingungen-und-konditionen\/","url":"https:\/\/thefirstelement.com\/de\/bedingungen-und-konditionen\/","name":"-","isPartOf":{"@id":"https:\/\/thefirstelement.com\/de\/#website"},"datePublished":"2023-03-31T09:57:32+00:00","dateModified":"2023-08-18T11:41:34+00:00","description":"Wir bei The First Element sind bestrebt, Ihre Privatsph\u00e4re zu sch\u00fctzen und zu bewahren, wenn Sie unsere Website besuchen oder elektronisch mit uns kommunizieren.","breadcrumb":{"@id":"https:\/\/thefirstelement.com\/de\/bedingungen-und-konditionen\/#breadcrumb"},"inLanguage":"de","potentialAction":[{"@type":"ReadAction","target":["https:\/\/thefirstelement.com\/de\/bedingungen-und-konditionen\/"]}]},{"@type":"BreadcrumbList","@id":"https:\/\/thefirstelement.com\/de\/bedingungen-und-konditionen\/#breadcrumb","itemListElement":[{"@type":"ListItem","position":1,"name":"Home","item":"https:\/\/thefirstelement.com\/de\/startseite\/"},{"@type":"ListItem","position":2,"name":"Bedingungen und Konditionen"}]},{"@type":"WebSite","@id":"https:\/\/thefirstelement.com\/de\/#website","url":"https:\/\/thefirstelement.com\/de\/","name":"The First Element","description":"The First Element is revolutionising the way Green Hydrogen is created, consumed and stored","publisher":{"@id":"https:\/\/thefirstelement.com\/de\/#organization"},"potentialAction":[{"@type":"SearchAction","target":{"@type":"EntryPoint","urlTemplate":"https:\/\/thefirstelement.com\/de\/?s={search_term_string}"},"query-input":{"@type":"PropertyValueSpecification","valueRequired":true,"valueName":"search_term_string"}}],"inLanguage":"de"},{"@type":"Organization","@id":"https:\/\/thefirstelement.com\/de\/#organization","name":"The First Element","url":"https:\/\/thefirstelement.com\/de\/","logo":{"@type":"ImageObject","inLanguage":"de","@id":"https:\/\/thefirstelement.com\/de\/#\/schema\/logo\/image\/","url":"https:\/\/thefirstelement.com\/wp-content\/uploads\/2023\/04\/the-first-element-logo-blue.png","contentUrl":"https:\/\/thefirstelement.com\/wp-content\/uploads\/2023\/04\/the-first-element-logo-blue.png","width":1400,"height":800,"caption":"The First Element"},"image":{"@id":"https:\/\/thefirstelement.com\/de\/#\/schema\/logo\/image\/"},"sameAs":["https:\/\/www.linkedin.com\/company\/the-first-element\/"]}]}},"_links":{"self":[{"href":"https:\/\/thefirstelement.com\/de\/wp-json\/wp\/v2\/pages\/10096","targetHints":{"allow":["GET"]}}],"collection":[{"href":"https:\/\/thefirstelement.com\/de\/wp-json\/wp\/v2\/pages"}],"about":[{"href":"https:\/\/thefirstelement.com\/de\/wp-json\/wp\/v2\/types\/page"}],"author":[{"embeddable":true,"href":"https:\/\/thefirstelement.com\/de\/wp-json\/wp\/v2\/users\/4"}],"replies":[{"embeddable":true,"href":"https:\/\/thefirstelement.com\/de\/wp-json\/wp\/v2\/comments?post=10096"}],"version-history":[{"count":3,"href":"https:\/\/thefirstelement.com\/de\/wp-json\/wp\/v2\/pages\/10096\/revisions"}],"predecessor-version":[{"id":10117,"href":"https:\/\/thefirstelement.com\/de\/wp-json\/wp\/v2\/pages\/10096\/revisions\/10117"}],"wp:attachment":[{"href":"https:\/\/thefirstelement.com\/de\/wp-json\/wp\/v2\/media?parent=10096"}],"curies":[{"name":"wp","href":"https:\/\/api.w.org\/{rel}","templated":true}]}}